{"id":304,"date":"2025-09-16T14:22:48","date_gmt":"2025-09-16T12:22:48","guid":{"rendered":"https:\/\/ifevet.com\/de\/?page_id=304"},"modified":"2025-09-16T14:26:56","modified_gmt":"2025-09-16T12:26:56","slug":"einwilligung-zur-verwendung-von-bildern-fur-volljahrige","status":"publish","type":"page","link":"https:\/\/ifevet.com\/de\/einwilligung-zur-verwendung-von-bildern-fur-volljahrige\/","title":{"rendered":"Einwilligung zur Verwendung von Bildern f\u00fcr Vollj\u00e4hrige"},"content":{"rendered":"\t\t<div data-elementor-type=\"wp-page\" data-elementor-id=\"304\" class=\"elementor elementor-304\" data-elementor-post-type=\"page\">\n\t\t\t\t\t\t<section class=\"elementor-section elementor-top-section elementor-element elementor-element-e7e010e elementor-section-boxed elementor-section-height-default elementor-section-height-default\" data-id=\"e7e010e\" data-element_type=\"section\">\n\t\t\t\t\t\t<div class=\"elementor-container elementor-column-gap-default\">\n\t\t\t\t\t<div class=\"elementor-column elementor-col-100 elementor-top-column elementor-element elementor-element-f833deb\" data-id=\"f833deb\" data-element_type=\"column\">\n\t\t\t<div class=\"elementor-widget-wrap elementor-element-populated\">\n\t\t\t\t\t\t<div class=\"elementor-element elementor-element-31f46ea elementor-widget elementor-widget-heading\" data-id=\"31f46ea\" data-element_type=\"widget\" data-widget_type=\"heading.default\">\n\t\t\t\t<div class=\"elementor-widget-container\">\n\t\t\t\t\t<h2 class=\"elementor-heading-title elementor-size-default\">Einwilligung zur Nutzung von Bild, Stimme und\/oder Aussagen<\/h2>\t\t\t\t<\/div>\n\t\t\t\t<\/div>\n\t\t\t\t\t<\/div>\n\t\t<\/div>\n\t\t\t\t\t<\/div>\n\t\t<\/section>\n\t\t\t\t<section class=\"elementor-section elementor-top-section elementor-element elementor-element-2e1f8e6 elementor-section-boxed elementor-section-height-default elementor-section-height-default\" data-id=\"2e1f8e6\" data-element_type=\"section\">\n\t\t\t\t\t\t<div class=\"elementor-container elementor-column-gap-default\">\n\t\t\t\t\t<div class=\"elementor-column elementor-col-100 elementor-top-column elementor-element elementor-element-19103f1\" data-id=\"19103f1\" data-element_type=\"column\">\n\t\t\t<div class=\"elementor-widget-wrap elementor-element-populated\">\n\t\t\t\t\t\t<div class=\"elementor-element elementor-element-a405d60 elementor-widget elementor-widget-text-editor\" data-id=\"a405d60\" data-element_type=\"widget\" data-widget_type=\"text-editor.default\">\n\t\t\t\t<div class=\"elementor-widget-container\">\n\t\t\t\t\t\t\t\t\t<p data-start=\"130\" data-end=\"483\">Ich erm\u00e4chtige Estudios Veterinarios SL sowie deren Vertreter, Mitarbeiter, Partner und autorisierte Auftragnehmer (nachfolgend \u201edas Unternehmen\u201c), mein Bild, meine Stimme, meinen Namen und jegliche von mir gemachten Aussagen oder Erfahrungsberichte, die in Fotos, Video- oder Audioaufnahmen festgehalten werden, f\u00fcr die folgenden Zwecke zu verwenden:<\/p><ul data-start=\"485\" data-end=\"776\"><li data-start=\"485\" data-end=\"510\"><p data-start=\"487\" data-end=\"510\">Werbung und Promotion<\/p><\/li><li data-start=\"511\" data-end=\"596\"><p data-start=\"513\" data-end=\"596\">Inhalte f\u00fcr soziale Medien (z.\u202fB. Instagram, LinkedIn, Facebook, X, YouTube usw.)<\/p><\/li><li data-start=\"597\" data-end=\"646\"><p data-start=\"599\" data-end=\"646\">Unternehmensvideos und multimediales Material<\/p><\/li><li data-start=\"647\" data-end=\"732\"><p data-start=\"649\" data-end=\"732\">Gedruckte oder digitale Ver\u00f6ffentlichungen, einschlie\u00dflich Website und Brosch\u00fcren<\/p><\/li><li data-start=\"733\" data-end=\"776\"><p data-start=\"735\" data-end=\"776\">Interne und externe Markenkommunikation<\/p><\/li><\/ul><p data-start=\"778\" data-end=\"997\">Diese Einwilligung umfasst das Recht, solche Bilder oder Aufnahmen zu bearbeiten, zu vervielf\u00e4ltigen, zu ver\u00f6ffentlichen, zu verbreiten und anzuzeigen, ohne jegliche gegenw\u00e4rtige oder zuk\u00fcnftige finanzielle Verg\u00fctung.<\/p><p data-start=\"999\" data-end=\"1028\"><strong data-start=\"999\" data-end=\"1026\">Umfang der Einwilligung<\/strong><\/p><p data-start=\"1030\" data-end=\"1051\">Ich verstehe, dass:<\/p><ul data-start=\"1053\" data-end=\"1543\"><li data-start=\"1053\" data-end=\"1156\"><p data-start=\"1055\" data-end=\"1156\">Das Unternehmen das Material auf verschiedenen Plattformen national oder international nutzen darf.<\/p><\/li><li data-start=\"1157\" data-end=\"1290\"><p data-start=\"1159\" data-end=\"1290\">Die Inhalte unbegrenzt in den Archiven des Unternehmens gespeichert und in zuk\u00fcnftigen Materialien wiederverwendet werden k\u00f6nnen.<\/p><\/li><li data-start=\"1291\" data-end=\"1398\"><p data-start=\"1293\" data-end=\"1398\">Ich kein Recht habe, die endg\u00fcltigen Materialien vor der Ver\u00f6ffentlichung zu pr\u00fcfen oder zu genehmigen.<\/p><\/li><li data-start=\"1399\" data-end=\"1543\"><p data-start=\"1401\" data-end=\"1543\">Ich meine Einwilligung jederzeit schriftlich widerrufen kann, wobei dies die bereits vor dem Widerruf erfolgte Nutzung nicht beeintr\u00e4chtigt.<\/p><\/li><\/ul><p data-start=\"1545\" data-end=\"1570\"><strong data-start=\"1545\" data-end=\"1568\">Verzicht auf Rechte<\/strong><\/p><p data-start=\"1572\" data-end=\"1728\" data-is-last-node=\"\" data-is-only-node=\"\">Ich verzichte auf jegliche Anspr\u00fcche auf Urheberrecht oder Eigentum an den resultierenden Inhalten und erkenne an, dass alle Rechte beim Unternehmen liegen.<\/p>\t\t\t\t\t\t\t\t<\/div>\n\t\t\t\t<\/div>\n\t\t\t\t\t<\/div>\n\t\t<\/div>\n\t\t\t\t\t<\/div>\n\t\t<\/section>\n\t\t\t\t<\/div>\n\t\t","protected":false},"excerpt":{"rendered":"<p>Einwilligung zur Nutzung von Bild, Stimme und\/oder Aussagen Ich erm\u00e4chtige Estudios Veterinarios SL sowie deren Vertreter, Mitarbeiter, Partner und autorisierte Auftragnehmer (nachfolgend \u201edas Unternehmen\u201c), mein Bild, meine Stimme, meinen Namen und jegliche von mir gemachten Aussagen oder Erfahrungsberichte, die in Fotos, Video- oder Audioaufnahmen festgehalten werden, f\u00fcr die folgenden Zwecke zu verwenden: Werbung und Promotion [&hellip;]<\/p>\n","protected":false},"author":1,"featured_media":0,"parent":0,"menu_order":0,"comment_status":"closed","ping_status":"closed","template":"","meta":{"footnotes":""},"class_list":["post-304","page","type-page","status-publish","hentry"],"yoast_head":"<!-- This site is optimized with the Yoast SEO plugin v27.1.1 - https:\/\/yoast.com\/product\/yoast-seo-wordpress\/ -->\n<title>Einwilligung zur Verwendung von Bildern f\u00fcr Vollj\u00e4hrige - Ifevet International - Alemania<\/title>\n<meta name=\"robots\" content=\"index, follow, max-snippet:-1, max-image-preview:large, max-video-preview:-1\" \/>\n<link rel=\"canonical\" href=\"https:\/\/ifevet.com\/de\/einwilligung-zur-verwendung-von-bildern-fur-volljahrige\/\" \/>\n<meta property=\"og:locale\" content=\"es_ES\" \/>\n<meta property=\"og:type\" content=\"article\" \/>\n<meta property=\"og:title\" content=\"Einwilligung zur Verwendung von Bildern f\u00fcr Vollj\u00e4hrige - Ifevet International - Alemania\" \/>\n<meta property=\"og:description\" content=\"Einwilligung zur Nutzung von Bild, Stimme und\/oder Aussagen Ich erm\u00e4chtige Estudios Veterinarios SL sowie deren Vertreter, Mitarbeiter, Partner und autorisierte Auftragnehmer (nachfolgend \u201edas Unternehmen\u201c), mein Bild, meine Stimme, meinen Namen und jegliche von mir gemachten Aussagen oder Erfahrungsberichte, die in Fotos, Video- oder Audioaufnahmen festgehalten werden, f\u00fcr die folgenden Zwecke zu verwenden: Werbung und Promotion [&hellip;]\" \/>\n<meta property=\"og:url\" content=\"https:\/\/ifevet.com\/de\/einwilligung-zur-verwendung-von-bildern-fur-volljahrige\/\" \/>\n<meta property=\"og:site_name\" content=\"Ifevet International - Alemania\" \/>\n<meta property=\"article:modified_time\" content=\"2025-09-16T12:26:56+00:00\" \/>\n<meta name=\"twitter:card\" content=\"summary_large_image\" \/>\n<meta name=\"twitter:label1\" content=\"Tiempo de lectura\" \/>\n\t<meta name=\"twitter:data1\" content=\"1 minuto\" \/>\n<script type=\"application\/ld+json\" class=\"yoast-schema-graph\">{\"@context\":\"https:\/\/schema.org\",\"@graph\":[{\"@type\":\"WebPage\",\"@id\":\"https:\/\/ifevet.com\/de\/einwilligung-zur-verwendung-von-bildern-fur-volljahrige\/\",\"url\":\"https:\/\/ifevet.com\/de\/einwilligung-zur-verwendung-von-bildern-fur-volljahrige\/\",\"name\":\"Einwilligung zur Verwendung von Bildern f\u00fcr Vollj\u00e4hrige - Ifevet International - Alemania\",\"isPartOf\":{\"@id\":\"https:\/\/ifevet.com\/de\/#website\"},\"datePublished\":\"2025-09-16T12:22:48+00:00\",\"dateModified\":\"2025-09-16T12:26:56+00:00\",\"breadcrumb\":{\"@id\":\"https:\/\/ifevet.com\/de\/einwilligung-zur-verwendung-von-bildern-fur-volljahrige\/#breadcrumb\"},\"inLanguage\":\"es\",\"potentialAction\":[{\"@type\":\"ReadAction\",\"target\":[\"https:\/\/ifevet.com\/de\/einwilligung-zur-verwendung-von-bildern-fur-volljahrige\/\"]}]},{\"@type\":\"BreadcrumbList\",\"@id\":\"https:\/\/ifevet.com\/de\/einwilligung-zur-verwendung-von-bildern-fur-volljahrige\/#breadcrumb\",\"itemListElement\":[{\"@type\":\"ListItem\",\"position\":1,\"name\":\"Portada\",\"item\":\"https:\/\/ifevet.com\/de\/\"},{\"@type\":\"ListItem\",\"position\":2,\"name\":\"Einwilligung zur Verwendung von Bildern f\u00fcr Vollj\u00e4hrige\"}]},{\"@type\":\"WebSite\",\"@id\":\"https:\/\/ifevet.com\/de\/#website\",\"url\":\"https:\/\/ifevet.com\/de\/\",\"name\":\"Ifevet International - Alemania\",\"description\":\"\",\"potentialAction\":[{\"@type\":\"SearchAction\",\"target\":{\"@type\":\"EntryPoint\",\"urlTemplate\":\"https:\/\/ifevet.com\/de\/?s={search_term_string}\"},\"query-input\":{\"@type\":\"PropertyValueSpecification\",\"valueRequired\":true,\"valueName\":\"search_term_string\"}}],\"inLanguage\":\"es\"}]}<\/script>\n<!-- \/ Yoast SEO plugin. -->","yoast_head_json":{"title":"Einwilligung zur Verwendung von Bildern f\u00fcr Vollj\u00e4hrige - Ifevet International - Alemania","robots":{"index":"index","follow":"follow","max-snippet":"max-snippet:-1","max-image-preview":"max-image-preview:large","max-video-preview":"max-video-preview:-1"},"canonical":"https:\/\/ifevet.com\/de\/einwilligung-zur-verwendung-von-bildern-fur-volljahrige\/","og_locale":"es_ES","og_type":"article","og_title":"Einwilligung zur Verwendung von Bildern f\u00fcr Vollj\u00e4hrige - Ifevet International - Alemania","og_description":"Einwilligung zur Nutzung von Bild, Stimme und\/oder Aussagen Ich erm\u00e4chtige Estudios Veterinarios SL sowie deren Vertreter, Mitarbeiter, Partner und autorisierte Auftragnehmer (nachfolgend \u201edas Unternehmen\u201c), mein Bild, meine Stimme, meinen Namen und jegliche von mir gemachten Aussagen oder Erfahrungsberichte, die in Fotos, Video- oder Audioaufnahmen festgehalten werden, f\u00fcr die folgenden Zwecke zu verwenden: Werbung und Promotion [&hellip;]","og_url":"https:\/\/ifevet.com\/de\/einwilligung-zur-verwendung-von-bildern-fur-volljahrige\/","og_site_name":"Ifevet International - Alemania","article_modified_time":"2025-09-16T12:26:56+00:00","twitter_card":"summary_large_image","twitter_misc":{"Tiempo de lectura":"1 minuto"},"schema":{"@context":"https:\/\/schema.org","@graph":[{"@type":"WebPage","@id":"https:\/\/ifevet.com\/de\/einwilligung-zur-verwendung-von-bildern-fur-volljahrige\/","url":"https:\/\/ifevet.com\/de\/einwilligung-zur-verwendung-von-bildern-fur-volljahrige\/","name":"Einwilligung zur Verwendung von Bildern f\u00fcr Vollj\u00e4hrige - Ifevet International - Alemania","isPartOf":{"@id":"https:\/\/ifevet.com\/de\/#website"},"datePublished":"2025-09-16T12:22:48+00:00","dateModified":"2025-09-16T12:26:56+00:00","breadcrumb":{"@id":"https:\/\/ifevet.com\/de\/einwilligung-zur-verwendung-von-bildern-fur-volljahrige\/#breadcrumb"},"inLanguage":"es","potentialAction":[{"@type":"ReadAction","target":["https:\/\/ifevet.com\/de\/einwilligung-zur-verwendung-von-bildern-fur-volljahrige\/"]}]},{"@type":"BreadcrumbList","@id":"https:\/\/ifevet.com\/de\/einwilligung-zur-verwendung-von-bildern-fur-volljahrige\/#breadcrumb","itemListElement":[{"@type":"ListItem","position":1,"name":"Portada","item":"https:\/\/ifevet.com\/de\/"},{"@type":"ListItem","position":2,"name":"Einwilligung zur Verwendung von Bildern f\u00fcr Vollj\u00e4hrige"}]},{"@type":"WebSite","@id":"https:\/\/ifevet.com\/de\/#website","url":"https:\/\/ifevet.com\/de\/","name":"Ifevet International - Alemania","description":"","potentialAction":[{"@type":"SearchAction","target":{"@type":"EntryPoint","urlTemplate":"https:\/\/ifevet.com\/de\/?s={search_term_string}"},"query-input":{"@type":"PropertyValueSpecification","valueRequired":true,"valueName":"search_term_string"}}],"inLanguage":"es"}]}},"_links":{"self":[{"href":"https:\/\/ifevet.com\/de\/wp-json\/wp\/v2\/pages\/304","targetHints":{"allow":["GET"]}}],"collection":[{"href":"https:\/\/ifevet.com\/de\/wp-json\/wp\/v2\/pages"}],"about":[{"href":"https:\/\/ifevet.com\/de\/wp-json\/wp\/v2\/types\/page"}],"author":[{"embeddable":true,"href":"https:\/\/ifevet.com\/de\/wp-json\/wp\/v2\/users\/1"}],"replies":[{"embeddable":true,"href":"https:\/\/ifevet.com\/de\/wp-json\/wp\/v2\/comments?post=304"}],"version-history":[{"count":7,"href":"https:\/\/ifevet.com\/de\/wp-json\/wp\/v2\/pages\/304\/revisions"}],"predecessor-version":[{"id":312,"href":"https:\/\/ifevet.com\/de\/wp-json\/wp\/v2\/pages\/304\/revisions\/312"}],"wp:attachment":[{"href":"https:\/\/ifevet.com\/de\/wp-json\/wp\/v2\/media?parent=304"}],"curies":[{"name":"wp","href":"https:\/\/api.w.org\/{rel}","templated":true}]}}