{"id":45133,"date":"2026-04-09T13:58:30","date_gmt":"2026-04-09T11:58:30","guid":{"rendered":"https:\/\/ifevet.com\/de\/?page_id=45133"},"modified":"2026-04-09T14:00:05","modified_gmt":"2026-04-09T12:00:05","slug":"dank-fur-die-erteilung-der-einzugsermachtigung","status":"publish","type":"page","link":"https:\/\/ifevet.com\/de\/dank-fur-die-erteilung-der-einzugsermachtigung\/","title":{"rendered":"Dank f\u00fcr die Erteilung der Einzugserm\u00e4chtigung"},"content":{"rendered":"\t\t<div data-elementor-type=\"wp-page\" data-elementor-id=\"45133\" class=\"elementor elementor-45133\" data-elementor-post-type=\"page\">\n\t\t\t\t\t\t<section class=\"elementor-section elementor-top-section elementor-element elementor-element-343c55cf elementor-section-boxed elementor-section-height-default elementor-section-height-default\" data-id=\"343c55cf\" data-element_type=\"section\">\n\t\t\t\t\t\t<div class=\"elementor-container elementor-column-gap-default\">\n\t\t\t\t\t<div class=\"elementor-column elementor-col-100 elementor-top-column elementor-element elementor-element-36ae85bb\" data-id=\"36ae85bb\" data-element_type=\"column\">\n\t\t\t<div class=\"elementor-widget-wrap elementor-element-populated\">\n\t\t\t\t\t\t<div class=\"elementor-element elementor-element-428b9eec elementor-widget elementor-widget-heading\" data-id=\"428b9eec\" data-element_type=\"widget\" data-widget_type=\"heading.default\">\n\t\t\t\t<div class=\"elementor-widget-container\">\n\t\t\t\t\t<h2 class=\"elementor-heading-title elementor-size-default\">Vielen Dank f\u00fcr die Best\u00e4tigung der Einzugserm\u00e4chtigung!<\/h2>\t\t\t\t<\/div>\n\t\t\t\t<\/div>\n\t\t\t\t\t<\/div>\n\t\t<\/div>\n\t\t\t\t\t<\/div>\n\t\t<\/section>\n\t\t\t\t<section class=\"elementor-section elementor-top-section elementor-element elementor-element-385a1fb elementor-section-boxed elementor-section-height-default elementor-section-height-default\" data-id=\"385a1fb\" data-element_type=\"section\">\n\t\t\t\t\t\t<div class=\"elementor-container elementor-column-gap-default\">\n\t\t\t\t\t<div class=\"elementor-column elementor-col-100 elementor-top-column elementor-element elementor-element-7fab14dc\" data-id=\"7fab14dc\" data-element_type=\"column\">\n\t\t\t<div class=\"elementor-widget-wrap elementor-element-populated\">\n\t\t\t\t\t\t<div class=\"elementor-element elementor-element-2e7a5c87 elementor-widget elementor-widget-text-editor\" data-id=\"2e7a5c87\" data-element_type=\"widget\" data-widget_type=\"text-editor.default\">\n\t\t\t\t<div class=\"elementor-widget-container\">\n\t\t\t\t\t\t\t\t\t<div class=\"flex flex-col text-sm pb-25\"><section class=\"text-token-text-primary w-full focus:outline-none [--shadow-height:45px] has-data-writing-block:pointer-events-none has-data-writing-block:-mt-(--shadow-height) has-data-writing-block:pt-(--shadow-height) [&amp;:has([data-writing-block])&gt;*]:pointer-events-auto scroll-mt-[calc(var(--header-height)+min(200px,max(70px,20svh)))]\" dir=\"auto\" data-turn-id=\"request-WEB:ed109bab-0dad-4310-96a5-c7f8aff54ed1-161\" data-testid=\"conversation-turn-10\" data-scroll-anchor=\"true\" data-turn=\"assistant\"><div class=\"text-base my-auto mx-auto pb-10 [--thread-content-margin:var(--thread-content-margin-xs,calc(var(--spacing)*4))] @w-sm\/main:[--thread-content-margin:var(--thread-content-margin-sm,calc(var(--spacing)*6))] @w-lg\/main:[--thread-content-margin:var(--thread-content-margin-lg,calc(var(--spacing)*16))] px-(--thread-content-margin)\"><div class=\"[--thread-content-max-width:40rem] @w-lg\/main:[--thread-content-max-width:48rem] mx-auto max-w-(--thread-content-max-width) flex-1 group\/turn-messages focus-visible:outline-hidden relative flex w-full min-w-0 flex-col agent-turn\"><div class=\"flex max-w-full flex-col gap-4 grow\"><div class=\"min-h-8 text-message relative flex w-full flex-col items-end gap-2 text-start break-words whitespace-normal outline-none keyboard-focused:focus-ring [.text-message+&amp;]:mt-1\" dir=\"auto\" tabindex=\"0\" data-message-author-role=\"assistant\" data-message-id=\"c60dc8d0-3c53-433f-bb6d-d218b0e805c4\" data-message-model-slug=\"gpt-5-3\" data-turn-start-message=\"true\"><div class=\"flex w-full flex-col gap-1 empty:hidden\"><div class=\"markdown prose dark:prose-invert w-full wrap-break-word light markdown-new-styling\"><p data-start=\"0\" data-end=\"60\" data-is-last-node=\"\" data-is-only-node=\"\"><strong data-start=\"0\" data-end=\"60\" data-is-last-node=\"\" data-is-only-node=\"\">Wir haben Ihre Einzugserm\u00e4chtigung erfolgreich erhalten.<\/strong><\/p><\/div><\/div><\/div><\/div><\/div><\/div><\/section><\/div>\t\t\t\t\t\t\t\t<\/div>\n\t\t\t\t<\/div>\n\t\t\t\t\t<\/div>\n\t\t<\/div>\n\t\t\t\t\t<\/div>\n\t\t<\/section>\n\t\t\t\t<section class=\"elementor-section elementor-top-section elementor-element elementor-element-7de283e5 elementor-section-boxed elementor-section-height-default elementor-section-height-default\" data-id=\"7de283e5\" data-element_type=\"section\">\n\t\t\t\t\t\t<div class=\"elementor-container elementor-column-gap-default\">\n\t\t\t\t\t<div class=\"elementor-column elementor-col-100 elementor-top-column elementor-element elementor-element-4b43170e\" data-id=\"4b43170e\" data-element_type=\"column\">\n\t\t\t<div class=\"elementor-widget-wrap elementor-element-populated\">\n\t\t\t\t\t\t<div class=\"elementor-element elementor-element-68e60b9e elementor-align-center elementor-widget elementor-widget-button\" data-id=\"68e60b9e\" data-element_type=\"widget\" data-widget_type=\"button.default\">\n\t\t\t\t<div class=\"elementor-widget-container\">\n\t\t\t\t\t\t\t\t\t<div class=\"elementor-button-wrapper\">\n\t\t\t\t\t<a class=\"elementor-button elementor-button-link elementor-size-sm\" href=\"https:\/\/ifevet.com\/de\/\">\n\t\t\t\t\t\t<span class=\"elementor-button-content-wrapper\">\n\t\t\t\t\t\t\t\t\t<span class=\"elementor-button-text\">Zur\u00fcck zum Anfang<\/span>\n\t\t\t\t\t<\/span>\n\t\t\t\t\t<\/a>\n\t\t\t\t<\/div>\n\t\t\t\t\t\t\t\t<\/div>\n\t\t\t\t<\/div>\n\t\t\t\t\t<\/div>\n\t\t<\/div>\n\t\t\t\t\t<\/div>\n\t\t<\/section>\n\t\t\t\t<\/div>\n\t\t","protected":false},"excerpt":{"rendered":"<p>Vielen Dank f\u00fcr die Best\u00e4tigung der Einzugserm\u00e4chtigung! Wir haben Ihre Einzugserm\u00e4chtigung erfolgreich erhalten. Zur\u00fcck zum Anfang<\/p>\n","protected":false},"author":1,"featured_media":0,"parent":0,"menu_order":0,"comment_status":"closed","ping_status":"closed","template":"","meta":{"footnotes":""},"class_list":["post-45133","page","type-page","status-publish","hentry"],"yoast_head":"<!-- This site is optimized with the Yoast SEO plugin v27.1.1 - https:\/\/yoast.com\/product\/yoast-seo-wordpress\/ -->\n<title>Dank f\u00fcr die Erteilung der Einzugserm\u00e4chtigung - Ifevet International - Alemania<\/title>\n<meta name=\"robots\" content=\"index, follow, max-snippet:-1, max-image-preview:large, max-video-preview:-1\" \/>\n<link rel=\"canonical\" href=\"https:\/\/ifevet.com\/de\/dank-fur-die-erteilung-der-einzugsermachtigung\/\" \/>\n<meta property=\"og:locale\" content=\"es_ES\" \/>\n<meta property=\"og:type\" content=\"article\" \/>\n<meta property=\"og:title\" content=\"Dank f\u00fcr die Erteilung der Einzugserm\u00e4chtigung - Ifevet International - Alemania\" \/>\n<meta property=\"og:description\" content=\"Vielen Dank f\u00fcr die Best\u00e4tigung der Einzugserm\u00e4chtigung! Wir haben Ihre Einzugserm\u00e4chtigung erfolgreich erhalten. Zur\u00fcck zum Anfang\" \/>\n<meta property=\"og:url\" content=\"https:\/\/ifevet.com\/de\/dank-fur-die-erteilung-der-einzugsermachtigung\/\" \/>\n<meta property=\"og:site_name\" content=\"Ifevet International - Alemania\" \/>\n<meta property=\"article:modified_time\" content=\"2026-04-09T12:00:05+00:00\" \/>\n<meta name=\"twitter:card\" content=\"summary_large_image\" \/>\n<meta name=\"twitter:label1\" content=\"Tiempo de lectura\" \/>\n\t<meta name=\"twitter:data1\" content=\"1 minuto\" \/>\n<script type=\"application\/ld+json\" class=\"yoast-schema-graph\">{\"@context\":\"https:\/\/schema.org\",\"@graph\":[{\"@type\":\"WebPage\",\"@id\":\"https:\/\/ifevet.com\/de\/dank-fur-die-erteilung-der-einzugsermachtigung\/\",\"url\":\"https:\/\/ifevet.com\/de\/dank-fur-die-erteilung-der-einzugsermachtigung\/\",\"name\":\"Dank f\u00fcr die Erteilung der Einzugserm\u00e4chtigung - Ifevet International - Alemania\",\"isPartOf\":{\"@id\":\"https:\/\/ifevet.com\/de\/#website\"},\"datePublished\":\"2026-04-09T11:58:30+00:00\",\"dateModified\":\"2026-04-09T12:00:05+00:00\",\"breadcrumb\":{\"@id\":\"https:\/\/ifevet.com\/de\/dank-fur-die-erteilung-der-einzugsermachtigung\/#breadcrumb\"},\"inLanguage\":\"es\",\"potentialAction\":[{\"@type\":\"ReadAction\",\"target\":[\"https:\/\/ifevet.com\/de\/dank-fur-die-erteilung-der-einzugsermachtigung\/\"]}]},{\"@type\":\"BreadcrumbList\",\"@id\":\"https:\/\/ifevet.com\/de\/dank-fur-die-erteilung-der-einzugsermachtigung\/#breadcrumb\",\"itemListElement\":[{\"@type\":\"ListItem\",\"position\":1,\"name\":\"Portada\",\"item\":\"https:\/\/ifevet.com\/de\/\"},{\"@type\":\"ListItem\",\"position\":2,\"name\":\"Dank f\u00fcr die Erteilung der Einzugserm\u00e4chtigung\"}]},{\"@type\":\"WebSite\",\"@id\":\"https:\/\/ifevet.com\/de\/#website\",\"url\":\"https:\/\/ifevet.com\/de\/\",\"name\":\"Ifevet International - Alemania\",\"description\":\"\",\"potentialAction\":[{\"@type\":\"SearchAction\",\"target\":{\"@type\":\"EntryPoint\",\"urlTemplate\":\"https:\/\/ifevet.com\/de\/?s={search_term_string}\"},\"query-input\":{\"@type\":\"PropertyValueSpecification\",\"valueRequired\":true,\"valueName\":\"search_term_string\"}}],\"inLanguage\":\"es\"}]}<\/script>\n<!-- \/ Yoast SEO plugin. -->","yoast_head_json":{"title":"Dank f\u00fcr die Erteilung der Einzugserm\u00e4chtigung - Ifevet International - Alemania","robots":{"index":"index","follow":"follow","max-snippet":"max-snippet:-1","max-image-preview":"max-image-preview:large","max-video-preview":"max-video-preview:-1"},"canonical":"https:\/\/ifevet.com\/de\/dank-fur-die-erteilung-der-einzugsermachtigung\/","og_locale":"es_ES","og_type":"article","og_title":"Dank f\u00fcr die Erteilung der Einzugserm\u00e4chtigung - Ifevet International - Alemania","og_description":"Vielen Dank f\u00fcr die Best\u00e4tigung der Einzugserm\u00e4chtigung! Wir haben Ihre Einzugserm\u00e4chtigung erfolgreich erhalten. Zur\u00fcck zum Anfang","og_url":"https:\/\/ifevet.com\/de\/dank-fur-die-erteilung-der-einzugsermachtigung\/","og_site_name":"Ifevet International - Alemania","article_modified_time":"2026-04-09T12:00:05+00:00","twitter_card":"summary_large_image","twitter_misc":{"Tiempo de lectura":"1 minuto"},"schema":{"@context":"https:\/\/schema.org","@graph":[{"@type":"WebPage","@id":"https:\/\/ifevet.com\/de\/dank-fur-die-erteilung-der-einzugsermachtigung\/","url":"https:\/\/ifevet.com\/de\/dank-fur-die-erteilung-der-einzugsermachtigung\/","name":"Dank f\u00fcr die Erteilung der Einzugserm\u00e4chtigung - Ifevet International - Alemania","isPartOf":{"@id":"https:\/\/ifevet.com\/de\/#website"},"datePublished":"2026-04-09T11:58:30+00:00","dateModified":"2026-04-09T12:00:05+00:00","breadcrumb":{"@id":"https:\/\/ifevet.com\/de\/dank-fur-die-erteilung-der-einzugsermachtigung\/#breadcrumb"},"inLanguage":"es","potentialAction":[{"@type":"ReadAction","target":["https:\/\/ifevet.com\/de\/dank-fur-die-erteilung-der-einzugsermachtigung\/"]}]},{"@type":"BreadcrumbList","@id":"https:\/\/ifevet.com\/de\/dank-fur-die-erteilung-der-einzugsermachtigung\/#breadcrumb","itemListElement":[{"@type":"ListItem","position":1,"name":"Portada","item":"https:\/\/ifevet.com\/de\/"},{"@type":"ListItem","position":2,"name":"Dank f\u00fcr die Erteilung der Einzugserm\u00e4chtigung"}]},{"@type":"WebSite","@id":"https:\/\/ifevet.com\/de\/#website","url":"https:\/\/ifevet.com\/de\/","name":"Ifevet International - Alemania","description":"","potentialAction":[{"@type":"SearchAction","target":{"@type":"EntryPoint","urlTemplate":"https:\/\/ifevet.com\/de\/?s={search_term_string}"},"query-input":{"@type":"PropertyValueSpecification","valueRequired":true,"valueName":"search_term_string"}}],"inLanguage":"es"}]}},"_links":{"self":[{"href":"https:\/\/ifevet.com\/de\/wp-json\/wp\/v2\/pages\/45133","targetHints":{"allow":["GET"]}}],"collection":[{"href":"https:\/\/ifevet.com\/de\/wp-json\/wp\/v2\/pages"}],"about":[{"href":"https:\/\/ifevet.com\/de\/wp-json\/wp\/v2\/types\/page"}],"author":[{"embeddable":true,"href":"https:\/\/ifevet.com\/de\/wp-json\/wp\/v2\/users\/1"}],"replies":[{"embeddable":true,"href":"https:\/\/ifevet.com\/de\/wp-json\/wp\/v2\/comments?post=45133"}],"version-history":[{"count":4,"href":"https:\/\/ifevet.com\/de\/wp-json\/wp\/v2\/pages\/45133\/revisions"}],"predecessor-version":[{"id":45137,"href":"https:\/\/ifevet.com\/de\/wp-json\/wp\/v2\/pages\/45133\/revisions\/45137"}],"wp:attachment":[{"href":"https:\/\/ifevet.com\/de\/wp-json\/wp\/v2\/media?parent=45133"}],"curies":[{"name":"wp","href":"https:\/\/api.w.org\/{rel}","templated":true}]}}