{"id":147,"date":"2023-09-21T13:39:26","date_gmt":"2023-09-21T11:39:26","guid":{"rendered":"https:\/\/ifevet.com\/fr\/?page_id=147"},"modified":"2025-06-18T15:17:34","modified_gmt":"2025-06-18T13:17:34","slug":"politique-des-cookies","status":"publish","type":"page","link":"https:\/\/ifevet.com\/fr\/politique-des-cookies\/","title":{"rendered":"Politique des cookies"},"content":{"rendered":"\t\t<div data-elementor-type=\"wp-page\" data-elementor-id=\"147\" class=\"elementor elementor-147\" data-elementor-post-type=\"page\">\n\t\t\t\t\t\t<section class=\"elementor-section elementor-top-section elementor-element elementor-element-4a1ab65 elementor-section-boxed elementor-section-height-default elementor-section-height-default\" data-id=\"4a1ab65\" data-element_type=\"section\">\n\t\t\t\t\t\t<div class=\"elementor-container elementor-column-gap-default\">\n\t\t\t\t\t<div class=\"elementor-column elementor-col-100 elementor-top-column elementor-element elementor-element-f458687\" data-id=\"f458687\" data-element_type=\"column\">\n\t\t\t<div class=\"elementor-widget-wrap elementor-element-populated\">\n\t\t\t\t\t\t<div class=\"elementor-element elementor-element-bafa58a elementor-widget elementor-widget-heading\" data-id=\"bafa58a\" data-element_type=\"widget\" data-widget_type=\"heading.default\">\n\t\t\t\t<div class=\"elementor-widget-container\">\n\t\t\t\t\t<h2 class=\"elementor-heading-title elementor-size-default\">Politique en mati\u00e8re de cookies<\/h2>\t\t\t\t<\/div>\n\t\t\t\t<\/div>\n\t\t\t\t\t<\/div>\n\t\t<\/div>\n\t\t\t\t\t<\/div>\n\t\t<\/section>\n\t\t\t\t<section class=\"elementor-section elementor-top-section elementor-element elementor-element-9669acf elementor-section-boxed elementor-section-height-default elementor-section-height-default\" data-id=\"9669acf\" data-element_type=\"section\">\n\t\t\t\t\t\t<div class=\"elementor-container elementor-column-gap-default\">\n\t\t\t\t\t<div class=\"elementor-column elementor-col-100 elementor-top-column elementor-element elementor-element-33f2bc6\" data-id=\"33f2bc6\" data-element_type=\"column\">\n\t\t\t<div class=\"elementor-widget-wrap elementor-element-populated\">\n\t\t\t\t\t\t<div class=\"elementor-element elementor-element-2358378 elementor-widget elementor-widget-text-editor\" data-id=\"2358378\" data-element_type=\"widget\" data-widget_type=\"text-editor.default\">\n\t\t\t\t<div class=\"elementor-widget-container\">\n\t\t\t\t\t\t\t\t\t<p data-pm-slice=\"1 1 []\">Raison sociale et responsable du traitement : <strong>INSTITUTO ESPECIALIDADES VETERINARIAS S.L.<\/strong><\/p><p><strong>NIF<\/strong> : B88493549<br \/><strong>Adresse<\/strong> : AVDA. DE EUROPA, 8\u2013 28922 \u2013 ALCORC\u00d3N \u2013 MADRID<br \/><strong>Web<\/strong> : <a href=\"http:\/\/www.ifevet.com\">www.ifevet.com<\/a><br \/><strong>Email<\/strong> : <a>info@ifevet.com<\/a><br \/><strong>Donn\u00e9es du DPO<\/strong> : <a>info@seinin.com<\/a><\/p><p>Base l\u00e9gitimante sur les cookies : L&#8217;utilisation de cookies techniques est n\u00e9cessaire pour vous permettre de naviguer sur le site web. Pour les autres cookies, votre consentement est requis, et vous pouvez le g\u00e9rer et le r\u00e9voquer via le formulaire de configuration des cookies.<\/p><p>Destinataire des donn\u00e9es : Les donn\u00e9es peuvent \u00eatre communiqu\u00e9es aux autorit\u00e9s et organismes publics pour le respect d&#8217;une obligation l\u00e9gale requise. Elles peuvent aussi \u00eatre transmises \u00e0 des fournisseurs de services agissant pour le compte du responsable en tant que sous-traitants. Par ailleurs, en ce qui concerne les cookies tiers, nous vous rappelons que ces cookies peuvent \u00eatre envoy\u00e9s depuis un domaine non g\u00e9r\u00e9 par le responsable du traitement, mais par le tiers correspondant, ou bien \u00eatre envoy\u00e9s depuis notre domaine, mais g\u00e9r\u00e9s par ce tiers.<\/p><p>Exercice des droits : Le titulaire peut exercer ses droits aupr\u00e8s du responsable, de son DPO ou de l&#8217;AEPD (<a href=\"http:\/\/www.aepd.es\">www.aepd.es<\/a>).<\/p><p>Le responsable du traitement, par le pr\u00e9sent document, pr\u00e9sente sa politique de collecte et de traitement des cookies pour le site web indiqu\u00e9 ci-dessus, en conformit\u00e9 avec l&#8217;article 22.2 de la Loi 34\/2002, du 11 juillet, sur les Services de la Soci\u00e9t\u00e9 de l&#8217;Information et du Commerce \u00c9lectronique (LSSICE).<\/p><p>Cette Politique de Cookies peut \u00eatre modifi\u00e9e en fonction des cookies utilis\u00e9s. Le Responsable recommande de v\u00e9rifier ce document chaque fois que vous acc\u00e9dez \u00e0 la page web afin d&#8217;\u00eatre correctement inform\u00e9 sur la fa\u00e7on et la finalit\u00e9 de l&#8217;utilisation des cookies, ainsi que sur tout changement concernant le type de donn\u00e9es collect\u00e9es et leur objectif.<\/p><p><strong>1. Qu&#8217;est-ce que les cookies ?<\/strong><\/p><p>Ce site web utilise des cookies et\/ou des technologies similaires qui stockent et r\u00e9cup\u00e8rent des informations lorsque vous naviguez. En g\u00e9n\u00e9ral, ces technologies peuvent \u00eatre utilis\u00e9es \u00e0 des fins diverses, telles que vous reconna\u00eetre en tant qu&#8217;utilisateur, obtenir des informations sur vos habitudes de navigation ou personnaliser l&#8217;affichage du contenu.<\/p><p>Les principales caract\u00e9ristiques de ces technologies sont d\u00e9crites ci-dessous.<\/p><ul data-spread=\"false\"><li><p><strong>COOKIES PROPRES<\/strong> : Ce sont ceux qui sont cr\u00e9\u00e9s ou g\u00e9r\u00e9s par le responsable du site web.<\/p><\/li><li><p><strong>COOKIES TIERS<\/strong> : Ce sont ceux g\u00e9r\u00e9s par des fournisseurs de services d&#8217;analyse ou autres, ind\u00e9pendants du responsable du site web.<\/p><\/li><li><p><strong>COOKIES PERSISTANTS<\/strong> : Ce sont ceux dont les donn\u00e9es restent stock\u00e9es sur l&#8217;appareil et peuvent \u00eatre acc\u00e9d\u00e9es et trait\u00e9es pendant une p\u00e9riode d\u00e9finie par le responsable du cookie, pouvant aller de quelques minutes \u00e0 plusieurs ann\u00e9es.<\/p><\/li><li><p><strong>COOKIES DE SESSION<\/strong> : Ce sont des cookies con\u00e7us pour collecter et stocker des donn\u00e9es lorsque l&#8217;utilisateur acc\u00e8de \u00e0 une page web. Ils sont souvent utilis\u00e9s pour stocker des informations pertinentes uniquement pour la prestation d&#8217;un service demand\u00e9 par l&#8217;utilisateur lors d&#8217;une session unique.<\/p><\/li><\/ul><p><strong>2. Quels types de cookies sont utilis\u00e9s sur ce site web ?<\/strong><\/p><ul data-spread=\"false\"><li><p><strong>Cookies techniques<\/strong> : Ces cookies permettent le bon fonctionnement et la prestation des services offerts sur le site. Ces cookies sont exclus du champ d&#8217;application de l&#8217;article 22.2 de la LSSI et ne n\u00e9cessitent donc pas de consentement. Ils permettent, entre autres, de contr\u00f4ler le trafic et la communication des donn\u00e9es, de vous identifier pendant la session, d&#8217;acc\u00e9der \u00e0 des zones restreintes, et d&#8217;utiliser des \u00e9l\u00e9ments de s\u00e9curit\u00e9.<\/p><\/li><li><p><strong>Cookies d&#8217;analyse ou de mesure<\/strong> : Ceux-ci, trait\u00e9s par nous ou par des tiers, permettent de quantifier le nombre d&#8217;utilisateurs et de r\u00e9aliser l&#8217;analyse statistique de l&#8217;utilisation du site web.<\/p><\/li><li><p><strong>Cookies publicitaires comportementaux<\/strong> : Ceux-ci permettent d&#8217;analyser vos habitudes de navigation afin d&#8217;afficher des publicit\u00e9s li\u00e9es \u00e0 votre profil de navigation.<\/p><\/li><li><p><strong>Cookies de pr\u00e9f\u00e9rences ou de personnalisation<\/strong> : Ils permettent de m\u00e9moriser des informations afin que l&#8217;utilisateur acc\u00e8de au service avec certaines caract\u00e9ristiques personnalis\u00e9es, comme la langue pr\u00e9f\u00e9r\u00e9e ou le nombre de r\u00e9sultats affich\u00e9s lors d&#8217;une recherche.<\/p><\/li><\/ul><p><strong>3. Comment d\u00e9sactiver ou supprimer les cookies ?<\/strong><\/p><p>Si vous souhaitez bloquer ou supprimer les cookies stock\u00e9s sur votre appareil et qui n\u00e9cessitent votre consentement, vous pouvez le faire via le Formulaire de Configuration des Cookies ou en utilisant les outils fournis par chaque navigateur web.<\/p><p>Selon le navigateur que vous utilisez, le processus de r\u00e9vocation et de suppression des cookies peut \u00eatre diff\u00e9rent :<\/p><ul data-spread=\"false\"><li><p><strong>Google Chrome<\/strong> : <a href=\"https:\/\/support.google.com\/accounts\/answer\/32050?hl=fr\">https:\/\/support.google.com\/accounts\/answer\/32050?hl=fr<\/a><\/p><\/li><li><p><strong>Firefox<\/strong> : <a href=\"https:\/\/support.mozilla.org\/fr\/\">https:\/\/support.mozilla.org\/fr\/<\/a><\/p><\/li><li><p><strong>Internet Explorer<\/strong> : <a href=\"https:\/\/support.microsoft.com\/fr-fr\">https:\/\/support.microsoft.com\/fr-fr<\/a><\/p><\/li><li><p><strong>Safari<\/strong> : <a href=\"https:\/\/support.apple.com\/fr-fr\">https:\/\/support.apple.com\/fr-fr<\/a><\/p><\/li><li><p><strong>Opera<\/strong> : <a href=\"https:\/\/help.opera.com\/fr\/latest\/\">https:\/\/help.opera.com\/fr\/latest\/<\/a><\/p><\/li><\/ul><p>Le Responsable utilise les services de divers fournisseurs pour la gestion des cookies. Pour plus d&#8217;informations sur leurs politiques de confidentialit\u00e9 et la suppression des cookies, consultez leur site web respectif.<\/p><p>Le Responsable ne peut garantir que la d\u00e9sactivation des cookies n&#8217;affectera pas le bon fonctionnement du site web ni garantir la gestion correcte des cookies par les navigateurs mentionn\u00e9s.<\/p><p>Vous pouvez obtenir plus d&#8217;informations sur notre politique de cookies sur ce site web.<\/p><p><strong>AVIS D&#8217;ENTR\u00c9E<\/strong><\/p><p>Copiez le texte suivant et affichez-le chaque fois qu&#8217;un nouvel utilisateur entre sur le site. Il doit s&#8217;agir d&#8217;une fen\u00eatre flottante emp\u00eachant la navigation jusqu&#8217;\u00e0 acceptation ou configuration des pr\u00e9f\u00e9rences.<\/p><p><strong>COOKIES<\/strong><\/p><p>Nous utilisons nos propres cookies et des cookies tiers pour analyser nos services et afficher des publicit\u00e9s en fonction de vos pr\u00e9f\u00e9rences, bas\u00e9es sur un profil \u00e9tabli \u00e0 partir de vos habitudes de navigation (par exemple, les pages visit\u00e9es).<\/p><p>Le formulaire suivant devrait \u00eatre mis en place sur le site pour permettre aux utilisateurs d&#8217;accepter ou de refuser les diff\u00e9rents types de cookies avant de naviguer, ainsi que de retirer leur consentement \u00e0 tout moment.<\/p><p>Le formulaire doit \u00eatre accessible depuis l&#8217;avis d&#8217;entr\u00e9e et \u00e0 un endroit visible sur le site.<\/p><p>\u00a0<\/p><p><strong>FORMULAIRE DE CONFIGURATION DES COOKIES<\/strong><\/p><p><br \/>Ce panneau vous permet de configurer les cookies en fonction de vos pr\u00e9f\u00e9rences. En cliquant sur Enregistrer les param\u00e8tres, la s\u00e9lection de cookies que vous avez effectu\u00e9e sera sauvegard\u00e9e. Si vous n&#8217;avez s\u00e9lectionn\u00e9 aucune option, le fait d&#8217;appuyer sur ce bouton \u00e9quivaut \u00e0 refuser tous les cookies.<br \/>Ces cookies sont exclus du champ d&#8217;application de l&#8217;article 22.2 de la LSSI et, par cons\u00e9quent, il n&#8217;est pas n\u00e9cessaire d&#8217;obtenir un consentement pour leur utilisation.<\/p><p><br \/>Cookies d&#8217;analyse : il s&#8217;agit de cookies qui, trait\u00e9s par nous ou par des tiers, nous permettent de quantifier le nombre d&#8217;utilisateurs et de proc\u00e9der ainsi \u00e0 la mesure et \u00e0 l&#8217;analyse statistique de l&#8217;utilisation faite par les utilisateurs du service offert. Pour ce faire, votre navigation sur notre site web est analys\u00e9e afin d&#8217;am\u00e9liorer la gamme de produits ou de services que nous proposons.<\/p><p><br \/>Cookies de publicit\u00e9 comportementale : il s&#8217;agit de cookies qui, trait\u00e9s par nous ou par des tiers, nous permettent d&#8217;analyser vos habitudes de navigation sur Internet afin de vous pr\u00e9senter des publicit\u00e9s en rapport avec votre profil de navigation.<\/p><p><br \/>Cookies de pr\u00e9f\u00e9rence : il s&#8217;agit de cookies qui nous permettent de m\u00e9moriser des informations afin que l&#8217;utilisateur puisse acc\u00e9der au service avec certaines caract\u00e9ristiques qui peuvent diff\u00e9rencier son exp\u00e9rience de celle d&#8217;autres utilisateurs, comme, par exemple, la langue, le nombre de r\u00e9sultats \u00e0 afficher lorsque l&#8217;utilisateur effectue une recherche, etc.<\/p>\t\t\t\t\t\t\t\t<\/div>\n\t\t\t\t<\/div>\n\t\t\t\t\t<\/div>\n\t\t<\/div>\n\t\t\t\t\t<\/div>\n\t\t<\/section>\n\t\t\t\t<\/div>\n\t\t","protected":false},"excerpt":{"rendered":"<p>Politique en mati\u00e8re de cookies Raison sociale et responsable du traitement : INSTITUTO ESPECIALIDADES VETERINARIAS S.L. NIF : B88493549 Adresse : AVDA. DE EUROPA, 8\u2013 28922 \u2013 ALCORC\u00d3N \u2013 MADRID Web : www.ifevet.com Email : info@ifevet.com Donn\u00e9es du DPO : info@seinin.com Base l\u00e9gitimante sur les cookies : L&#8217;utilisation de cookies techniques est n\u00e9cessaire pour vous [&hellip;]<\/p>\n","protected":false},"author":1,"featured_media":3228,"parent":0,"menu_order":0,"comment_status":"closed","ping_status":"closed","template":"","meta":{"footnotes":""},"class_list":["post-147","page","type-page","status-publish","has-post-thumbnail","hentry"],"yoast_head":"<!-- This site is optimized with the Yoast SEO plugin v27.1.1 - https:\/\/yoast.com\/product\/yoast-seo-wordpress\/ -->\n<title>Politique des cookies - Ifevet International - Francia<\/title>\n<meta name=\"robots\" content=\"index, follow, max-snippet:-1, max-image-preview:large, max-video-preview:-1\" \/>\n<link rel=\"canonical\" href=\"https:\/\/ifevet.com\/fr\/politique-des-cookies\/\" \/>\n<meta property=\"og:locale\" content=\"es_ES\" \/>\n<meta property=\"og:type\" content=\"article\" \/>\n<meta property=\"og:title\" content=\"Politique des cookies - Ifevet International - Francia\" \/>\n<meta property=\"og:description\" content=\"Politique en mati\u00e8re de cookies Raison sociale et responsable du traitement : INSTITUTO ESPECIALIDADES VETERINARIAS S.L. NIF : B88493549 Adresse : AVDA. DE EUROPA, 8\u2013 28922 \u2013 ALCORC\u00d3N \u2013 MADRID Web : www.ifevet.com Email : info@ifevet.com Donn\u00e9es du DPO : info@seinin.com Base l\u00e9gitimante sur les cookies : L&#8217;utilisation de cookies techniques est n\u00e9cessaire pour vous [&hellip;]\" \/>\n<meta property=\"og:url\" content=\"https:\/\/ifevet.com\/fr\/politique-des-cookies\/\" \/>\n<meta property=\"og:site_name\" content=\"Ifevet International - Francia\" \/>\n<meta property=\"article:modified_time\" content=\"2025-06-18T13:17:34+00:00\" \/>\n<meta property=\"og:image\" content=\"https:\/\/ifevet.com\/fr\/wp-content\/uploads\/sites\/11\/2023\/12\/ifevet-logo-francia.jpg\" \/>\n\t<meta property=\"og:image:width\" content=\"300\" \/>\n\t<meta property=\"og:image:height\" content=\"300\" \/>\n\t<meta property=\"og:image:type\" content=\"image\/jpeg\" \/>\n<meta name=\"twitter:card\" content=\"summary_large_image\" \/>\n<meta name=\"twitter:label1\" content=\"Tiempo de lectura\" \/>\n\t<meta name=\"twitter:data1\" content=\"6 minutos\" \/>\n<script type=\"application\/ld+json\" class=\"yoast-schema-graph\">{\"@context\":\"https:\/\/schema.org\",\"@graph\":[{\"@type\":\"WebPage\",\"@id\":\"https:\/\/ifevet.com\/fr\/politique-des-cookies\/\",\"url\":\"https:\/\/ifevet.com\/fr\/politique-des-cookies\/\",\"name\":\"Politique des cookies - Ifevet International - Francia\",\"isPartOf\":{\"@id\":\"https:\/\/ifevet.com\/fr\/#website\"},\"primaryImageOfPage\":{\"@id\":\"https:\/\/ifevet.com\/fr\/politique-des-cookies\/#primaryimage\"},\"image\":{\"@id\":\"https:\/\/ifevet.com\/fr\/politique-des-cookies\/#primaryimage\"},\"thumbnailUrl\":\"https:\/\/ifevet.com\/fr\/wp-content\/uploads\/sites\/11\/2023\/12\/ifevet-logo-francia.jpg\",\"datePublished\":\"2023-09-21T11:39:26+00:00\",\"dateModified\":\"2025-06-18T13:17:34+00:00\",\"breadcrumb\":{\"@id\":\"https:\/\/ifevet.com\/fr\/politique-des-cookies\/#breadcrumb\"},\"inLanguage\":\"es\",\"potentialAction\":[{\"@type\":\"ReadAction\",\"target\":[\"https:\/\/ifevet.com\/fr\/politique-des-cookies\/\"]}]},{\"@type\":\"ImageObject\",\"inLanguage\":\"es\",\"@id\":\"https:\/\/ifevet.com\/fr\/politique-des-cookies\/#primaryimage\",\"url\":\"https:\/\/ifevet.com\/fr\/wp-content\/uploads\/sites\/11\/2023\/12\/ifevet-logo-francia.jpg\",\"contentUrl\":\"https:\/\/ifevet.com\/fr\/wp-content\/uploads\/sites\/11\/2023\/12\/ifevet-logo-francia.jpg\",\"width\":300,\"height\":300},{\"@type\":\"BreadcrumbList\",\"@id\":\"https:\/\/ifevet.com\/fr\/politique-des-cookies\/#breadcrumb\",\"itemListElement\":[{\"@type\":\"ListItem\",\"position\":1,\"name\":\"Portada\",\"item\":\"https:\/\/ifevet.com\/fr\/\"},{\"@type\":\"ListItem\",\"position\":2,\"name\":\"Politique des cookies\"}]},{\"@type\":\"WebSite\",\"@id\":\"https:\/\/ifevet.com\/fr\/#website\",\"url\":\"https:\/\/ifevet.com\/fr\/\",\"name\":\"Ifevet International - Francia\",\"description\":\"\",\"potentialAction\":[{\"@type\":\"SearchAction\",\"target\":{\"@type\":\"EntryPoint\",\"urlTemplate\":\"https:\/\/ifevet.com\/fr\/?s={search_term_string}\"},\"query-input\":{\"@type\":\"PropertyValueSpecification\",\"valueRequired\":true,\"valueName\":\"search_term_string\"}}],\"inLanguage\":\"es\"}]}<\/script>\n<!-- \/ Yoast SEO plugin. -->","yoast_head_json":{"title":"Politique des cookies - Ifevet International - Francia","robots":{"index":"index","follow":"follow","max-snippet":"max-snippet:-1","max-image-preview":"max-image-preview:large","max-video-preview":"max-video-preview:-1"},"canonical":"https:\/\/ifevet.com\/fr\/politique-des-cookies\/","og_locale":"es_ES","og_type":"article","og_title":"Politique des cookies - Ifevet International - Francia","og_description":"Politique en mati\u00e8re de cookies Raison sociale et responsable du traitement : INSTITUTO ESPECIALIDADES VETERINARIAS S.L. NIF : B88493549 Adresse : AVDA. DE EUROPA, 8\u2013 28922 \u2013 ALCORC\u00d3N \u2013 MADRID Web : www.ifevet.com Email : info@ifevet.com Donn\u00e9es du DPO : info@seinin.com Base l\u00e9gitimante sur les cookies : L&#8217;utilisation de cookies techniques est n\u00e9cessaire pour vous [&hellip;]","og_url":"https:\/\/ifevet.com\/fr\/politique-des-cookies\/","og_site_name":"Ifevet International - Francia","article_modified_time":"2025-06-18T13:17:34+00:00","og_image":[{"width":300,"height":300,"url":"https:\/\/ifevet.com\/fr\/wp-content\/uploads\/sites\/11\/2023\/12\/ifevet-logo-francia.jpg","type":"image\/jpeg"}],"twitter_card":"summary_large_image","twitter_misc":{"Tiempo de lectura":"6 minutos"},"schema":{"@context":"https:\/\/schema.org","@graph":[{"@type":"WebPage","@id":"https:\/\/ifevet.com\/fr\/politique-des-cookies\/","url":"https:\/\/ifevet.com\/fr\/politique-des-cookies\/","name":"Politique des cookies - Ifevet International - Francia","isPartOf":{"@id":"https:\/\/ifevet.com\/fr\/#website"},"primaryImageOfPage":{"@id":"https:\/\/ifevet.com\/fr\/politique-des-cookies\/#primaryimage"},"image":{"@id":"https:\/\/ifevet.com\/fr\/politique-des-cookies\/#primaryimage"},"thumbnailUrl":"https:\/\/ifevet.com\/fr\/wp-content\/uploads\/sites\/11\/2023\/12\/ifevet-logo-francia.jpg","datePublished":"2023-09-21T11:39:26+00:00","dateModified":"2025-06-18T13:17:34+00:00","breadcrumb":{"@id":"https:\/\/ifevet.com\/fr\/politique-des-cookies\/#breadcrumb"},"inLanguage":"es","potentialAction":[{"@type":"ReadAction","target":["https:\/\/ifevet.com\/fr\/politique-des-cookies\/"]}]},{"@type":"ImageObject","inLanguage":"es","@id":"https:\/\/ifevet.com\/fr\/politique-des-cookies\/#primaryimage","url":"https:\/\/ifevet.com\/fr\/wp-content\/uploads\/sites\/11\/2023\/12\/ifevet-logo-francia.jpg","contentUrl":"https:\/\/ifevet.com\/fr\/wp-content\/uploads\/sites\/11\/2023\/12\/ifevet-logo-francia.jpg","width":300,"height":300},{"@type":"BreadcrumbList","@id":"https:\/\/ifevet.com\/fr\/politique-des-cookies\/#breadcrumb","itemListElement":[{"@type":"ListItem","position":1,"name":"Portada","item":"https:\/\/ifevet.com\/fr\/"},{"@type":"ListItem","position":2,"name":"Politique des cookies"}]},{"@type":"WebSite","@id":"https:\/\/ifevet.com\/fr\/#website","url":"https:\/\/ifevet.com\/fr\/","name":"Ifevet International - Francia","description":"","potentialAction":[{"@type":"SearchAction","target":{"@type":"EntryPoint","urlTemplate":"https:\/\/ifevet.com\/fr\/?s={search_term_string}"},"query-input":{"@type":"PropertyValueSpecification","valueRequired":true,"valueName":"search_term_string"}}],"inLanguage":"es"}]}},"_links":{"self":[{"href":"https:\/\/ifevet.com\/fr\/wp-json\/wp\/v2\/pages\/147","targetHints":{"allow":["GET"]}}],"collection":[{"href":"https:\/\/ifevet.com\/fr\/wp-json\/wp\/v2\/pages"}],"about":[{"href":"https:\/\/ifevet.com\/fr\/wp-json\/wp\/v2\/types\/page"}],"author":[{"embeddable":true,"href":"https:\/\/ifevet.com\/fr\/wp-json\/wp\/v2\/users\/1"}],"replies":[{"embeddable":true,"href":"https:\/\/ifevet.com\/fr\/wp-json\/wp\/v2\/comments?post=147"}],"version-history":[{"count":15,"href":"https:\/\/ifevet.com\/fr\/wp-json\/wp\/v2\/pages\/147\/revisions"}],"predecessor-version":[{"id":4739,"href":"https:\/\/ifevet.com\/fr\/wp-json\/wp\/v2\/pages\/147\/revisions\/4739"}],"wp:featuredmedia":[{"embeddable":true,"href":"https:\/\/ifevet.com\/fr\/wp-json\/wp\/v2\/media\/3228"}],"wp:attachment":[{"href":"https:\/\/ifevet.com\/fr\/wp-json\/wp\/v2\/media?parent=147"}],"curies":[{"name":"wp","href":"https:\/\/api.w.org\/{rel}","templated":true}]}}