{"id":5498,"date":"2026-04-09T10:30:24","date_gmt":"2026-04-09T08:30:24","guid":{"rendered":"https:\/\/ifevet.com\/fr\/?page_id=5498"},"modified":"2026-04-09T10:38:10","modified_gmt":"2026-04-09T08:38:10","slug":"remerciement-pour-lautorisation-de-prelevement-automatique-bancaire","status":"publish","type":"page","link":"https:\/\/ifevet.com\/fr\/remerciement-pour-lautorisation-de-prelevement-automatique-bancaire\/","title":{"rendered":"Remerciement pour l\u2019autorisation de pr\u00e9l\u00e8vement automatique bancaire"},"content":{"rendered":"\t\t<div data-elementor-type=\"wp-page\" data-elementor-id=\"5498\" class=\"elementor elementor-5498\" data-elementor-post-type=\"page\">\n\t\t\t\t\t\t<section class=\"elementor-section elementor-top-section elementor-element elementor-element-f8bde07 elementor-section-boxed elementor-section-height-default elementor-section-height-default\" data-id=\"f8bde07\" data-element_type=\"section\">\n\t\t\t\t\t\t<div class=\"elementor-container elementor-column-gap-default\">\n\t\t\t\t\t<div class=\"elementor-column elementor-col-100 elementor-top-column elementor-element elementor-element-4ce0ab00\" data-id=\"4ce0ab00\" data-element_type=\"column\">\n\t\t\t<div class=\"elementor-widget-wrap elementor-element-populated\">\n\t\t\t\t\t\t<div class=\"elementor-element elementor-element-485d376f elementor-widget elementor-widget-heading\" data-id=\"485d376f\" data-element_type=\"widget\" data-widget_type=\"heading.default\">\n\t\t\t\t<div class=\"elementor-widget-container\">\n\t\t\t\t\t<h2 class=\"elementor-heading-title elementor-size-default\">Merci d\u2019avoir confirm\u00e9 le pr\u00e9l\u00e8vement automatique bancaire !<\/h2>\t\t\t\t<\/div>\n\t\t\t\t<\/div>\n\t\t\t\t\t<\/div>\n\t\t<\/div>\n\t\t\t\t\t<\/div>\n\t\t<\/section>\n\t\t\t\t<section class=\"elementor-section elementor-top-section elementor-element elementor-element-7d893200 elementor-section-boxed elementor-section-height-default elementor-section-height-default\" data-id=\"7d893200\" data-element_type=\"section\">\n\t\t\t\t\t\t<div class=\"elementor-container elementor-column-gap-default\">\n\t\t\t\t\t<div class=\"elementor-column elementor-col-100 elementor-top-column elementor-element elementor-element-46f5bfbc\" data-id=\"46f5bfbc\" data-element_type=\"column\">\n\t\t\t<div class=\"elementor-widget-wrap elementor-element-populated\">\n\t\t\t\t\t\t<div class=\"elementor-element elementor-element-6a5547bf elementor-widget elementor-widget-text-editor\" data-id=\"6a5547bf\" data-element_type=\"widget\" data-widget_type=\"text-editor.default\">\n\t\t\t\t<div class=\"elementor-widget-container\">\n\t\t\t\t\t\t\t\t\t<div class=\"flex flex-col text-sm pb-25\"><section class=\"text-token-text-primary w-full focus:outline-none [--shadow-height:45px] has-data-writing-block:pointer-events-none has-data-writing-block:-mt-(--shadow-height) has-data-writing-block:pt-(--shadow-height) [&amp;:has([data-writing-block])&gt;*]:pointer-events-auto scroll-mt-[calc(var(--header-height)+min(200px,max(70px,20svh)))]\" dir=\"auto\" data-turn-id=\"request-WEB:4d07775c-b3ad-4410-b438-a200beb373a0-42\" data-testid=\"conversation-turn-64\" data-scroll-anchor=\"true\" data-turn=\"assistant\"><div class=\"text-base my-auto mx-auto pb-10 [--thread-content-margin:var(--thread-content-margin-xs,calc(var(--spacing)*4))] @w-sm\/main:[--thread-content-margin:var(--thread-content-margin-sm,calc(var(--spacing)*6))] @w-lg\/main:[--thread-content-margin:var(--thread-content-margin-lg,calc(var(--spacing)*16))] px-(--thread-content-margin)\"><div class=\"[--thread-content-max-width:40rem] @w-lg\/main:[--thread-content-max-width:48rem] mx-auto max-w-(--thread-content-max-width) flex-1 group\/turn-messages focus-visible:outline-hidden relative flex w-full min-w-0 flex-col agent-turn\"><div class=\"flex max-w-full flex-col gap-4 grow\"><div class=\"min-h-8 text-message relative flex w-full flex-col items-end gap-2 text-start break-words whitespace-normal outline-none keyboard-focused:focus-ring [.text-message+&amp;]:mt-1\" dir=\"auto\" tabindex=\"0\" data-message-author-role=\"assistant\" data-message-id=\"3bd42e8a-ded7-4519-9e85-9cf0a7774e24\" data-message-model-slug=\"gpt-5-3\" data-turn-start-message=\"true\"><div class=\"flex w-full flex-col gap-1 empty:hidden\"><div class=\"markdown prose dark:prose-invert w-full wrap-break-word light markdown-new-styling\"><p data-start=\"0\" data-end=\"76\" data-is-last-node=\"\" data-is-only-node=\"\">Nous avons bien re\u00e7u votre autorisation de pr\u00e9l\u00e8vement automatique bancaire.<\/p><\/div><\/div><\/div><\/div><\/div><\/div><\/section><\/div>\t\t\t\t\t\t\t\t<\/div>\n\t\t\t\t<\/div>\n\t\t\t\t\t<\/div>\n\t\t<\/div>\n\t\t\t\t\t<\/div>\n\t\t<\/section>\n\t\t\t\t<section class=\"elementor-section elementor-top-section elementor-element elementor-element-2a2b4cf4 elementor-section-boxed elementor-section-height-default elementor-section-height-default\" data-id=\"2a2b4cf4\" data-element_type=\"section\">\n\t\t\t\t\t\t<div class=\"elementor-container elementor-column-gap-default\">\n\t\t\t\t\t<div class=\"elementor-column elementor-col-100 elementor-top-column elementor-element elementor-element-241fe30\" data-id=\"241fe30\" data-element_type=\"column\">\n\t\t\t<div class=\"elementor-widget-wrap elementor-element-populated\">\n\t\t\t\t\t\t<div class=\"elementor-element elementor-element-535bcd27 elementor-align-center elementor-widget elementor-widget-button\" data-id=\"535bcd27\" data-element_type=\"widget\" data-widget_type=\"button.default\">\n\t\t\t\t<div class=\"elementor-widget-container\">\n\t\t\t\t\t\t\t\t\t<div class=\"elementor-button-wrapper\">\n\t\t\t\t\t<a class=\"elementor-button elementor-button-link elementor-size-sm\" href=\"https:\/\/ifevet.com\/fr\/\">\n\t\t\t\t\t\t<span class=\"elementor-button-content-wrapper\">\n\t\t\t\t\t\t\t\t\t<span class=\"elementor-button-text\">Retour \u00e0 l\u2019accueil<\/span>\n\t\t\t\t\t<\/span>\n\t\t\t\t\t<\/a>\n\t\t\t\t<\/div>\n\t\t\t\t\t\t\t\t<\/div>\n\t\t\t\t<\/div>\n\t\t\t\t\t<\/div>\n\t\t<\/div>\n\t\t\t\t\t<\/div>\n\t\t<\/section>\n\t\t\t\t<\/div>\n\t\t","protected":false},"excerpt":{"rendered":"<p>Merci d\u2019avoir confirm\u00e9 le pr\u00e9l\u00e8vement automatique bancaire ! Nous avons bien re\u00e7u votre autorisation de pr\u00e9l\u00e8vement automatique bancaire. Retour \u00e0 l\u2019accueil<\/p>\n","protected":false},"author":1,"featured_media":0,"parent":0,"menu_order":0,"comment_status":"closed","ping_status":"closed","template":"","meta":{"footnotes":""},"class_list":["post-5498","page","type-page","status-publish","hentry"],"yoast_head":"<!-- This site is optimized with the Yoast SEO plugin v27.1.1 - https:\/\/yoast.com\/product\/yoast-seo-wordpress\/ -->\n<title>Remerciement pour l\u2019autorisation de pr\u00e9l\u00e8vement automatique bancaire - Ifevet International - Francia<\/title>\n<meta name=\"robots\" content=\"index, follow, max-snippet:-1, max-image-preview:large, max-video-preview:-1\" \/>\n<link rel=\"canonical\" href=\"https:\/\/ifevet.com\/fr\/remerciement-pour-lautorisation-de-prelevement-automatique-bancaire\/\" \/>\n<meta property=\"og:locale\" content=\"es_ES\" \/>\n<meta property=\"og:type\" content=\"article\" \/>\n<meta property=\"og:title\" content=\"Remerciement pour l\u2019autorisation de pr\u00e9l\u00e8vement automatique bancaire - Ifevet International - Francia\" \/>\n<meta property=\"og:description\" content=\"Merci d\u2019avoir confirm\u00e9 le pr\u00e9l\u00e8vement automatique bancaire ! Nous avons bien re\u00e7u votre autorisation de pr\u00e9l\u00e8vement automatique bancaire. Retour \u00e0 l\u2019accueil\" \/>\n<meta property=\"og:url\" content=\"https:\/\/ifevet.com\/fr\/remerciement-pour-lautorisation-de-prelevement-automatique-bancaire\/\" \/>\n<meta property=\"og:site_name\" content=\"Ifevet International - Francia\" \/>\n<meta property=\"article:modified_time\" content=\"2026-04-09T08:38:10+00:00\" \/>\n<meta name=\"twitter:card\" content=\"summary_large_image\" \/>\n<meta name=\"twitter:label1\" content=\"Tiempo de lectura\" \/>\n\t<meta name=\"twitter:data1\" content=\"1 minuto\" \/>\n<script type=\"application\/ld+json\" class=\"yoast-schema-graph\">{\"@context\":\"https:\/\/schema.org\",\"@graph\":[{\"@type\":\"WebPage\",\"@id\":\"https:\/\/ifevet.com\/fr\/remerciement-pour-lautorisation-de-prelevement-automatique-bancaire\/\",\"url\":\"https:\/\/ifevet.com\/fr\/remerciement-pour-lautorisation-de-prelevement-automatique-bancaire\/\",\"name\":\"Remerciement pour l\u2019autorisation de pr\u00e9l\u00e8vement automatique bancaire - Ifevet International - Francia\",\"isPartOf\":{\"@id\":\"https:\/\/ifevet.com\/fr\/#website\"},\"datePublished\":\"2026-04-09T08:30:24+00:00\",\"dateModified\":\"2026-04-09T08:38:10+00:00\",\"breadcrumb\":{\"@id\":\"https:\/\/ifevet.com\/fr\/remerciement-pour-lautorisation-de-prelevement-automatique-bancaire\/#breadcrumb\"},\"inLanguage\":\"es\",\"potentialAction\":[{\"@type\":\"ReadAction\",\"target\":[\"https:\/\/ifevet.com\/fr\/remerciement-pour-lautorisation-de-prelevement-automatique-bancaire\/\"]}]},{\"@type\":\"BreadcrumbList\",\"@id\":\"https:\/\/ifevet.com\/fr\/remerciement-pour-lautorisation-de-prelevement-automatique-bancaire\/#breadcrumb\",\"itemListElement\":[{\"@type\":\"ListItem\",\"position\":1,\"name\":\"Portada\",\"item\":\"https:\/\/ifevet.com\/fr\/\"},{\"@type\":\"ListItem\",\"position\":2,\"name\":\"Remerciement pour l\u2019autorisation de pr\u00e9l\u00e8vement automatique bancaire\"}]},{\"@type\":\"WebSite\",\"@id\":\"https:\/\/ifevet.com\/fr\/#website\",\"url\":\"https:\/\/ifevet.com\/fr\/\",\"name\":\"Ifevet International - Francia\",\"description\":\"\",\"potentialAction\":[{\"@type\":\"SearchAction\",\"target\":{\"@type\":\"EntryPoint\",\"urlTemplate\":\"https:\/\/ifevet.com\/fr\/?s={search_term_string}\"},\"query-input\":{\"@type\":\"PropertyValueSpecification\",\"valueRequired\":true,\"valueName\":\"search_term_string\"}}],\"inLanguage\":\"es\"}]}<\/script>\n<!-- \/ Yoast SEO plugin. -->","yoast_head_json":{"title":"Remerciement pour l\u2019autorisation de pr\u00e9l\u00e8vement automatique bancaire - Ifevet International - Francia","robots":{"index":"index","follow":"follow","max-snippet":"max-snippet:-1","max-image-preview":"max-image-preview:large","max-video-preview":"max-video-preview:-1"},"canonical":"https:\/\/ifevet.com\/fr\/remerciement-pour-lautorisation-de-prelevement-automatique-bancaire\/","og_locale":"es_ES","og_type":"article","og_title":"Remerciement pour l\u2019autorisation de pr\u00e9l\u00e8vement automatique bancaire - Ifevet International - Francia","og_description":"Merci d\u2019avoir confirm\u00e9 le pr\u00e9l\u00e8vement automatique bancaire ! Nous avons bien re\u00e7u votre autorisation de pr\u00e9l\u00e8vement automatique bancaire. Retour \u00e0 l\u2019accueil","og_url":"https:\/\/ifevet.com\/fr\/remerciement-pour-lautorisation-de-prelevement-automatique-bancaire\/","og_site_name":"Ifevet International - Francia","article_modified_time":"2026-04-09T08:38:10+00:00","twitter_card":"summary_large_image","twitter_misc":{"Tiempo de lectura":"1 minuto"},"schema":{"@context":"https:\/\/schema.org","@graph":[{"@type":"WebPage","@id":"https:\/\/ifevet.com\/fr\/remerciement-pour-lautorisation-de-prelevement-automatique-bancaire\/","url":"https:\/\/ifevet.com\/fr\/remerciement-pour-lautorisation-de-prelevement-automatique-bancaire\/","name":"Remerciement pour l\u2019autorisation de pr\u00e9l\u00e8vement automatique bancaire - Ifevet International - Francia","isPartOf":{"@id":"https:\/\/ifevet.com\/fr\/#website"},"datePublished":"2026-04-09T08:30:24+00:00","dateModified":"2026-04-09T08:38:10+00:00","breadcrumb":{"@id":"https:\/\/ifevet.com\/fr\/remerciement-pour-lautorisation-de-prelevement-automatique-bancaire\/#breadcrumb"},"inLanguage":"es","potentialAction":[{"@type":"ReadAction","target":["https:\/\/ifevet.com\/fr\/remerciement-pour-lautorisation-de-prelevement-automatique-bancaire\/"]}]},{"@type":"BreadcrumbList","@id":"https:\/\/ifevet.com\/fr\/remerciement-pour-lautorisation-de-prelevement-automatique-bancaire\/#breadcrumb","itemListElement":[{"@type":"ListItem","position":1,"name":"Portada","item":"https:\/\/ifevet.com\/fr\/"},{"@type":"ListItem","position":2,"name":"Remerciement pour l\u2019autorisation de pr\u00e9l\u00e8vement automatique bancaire"}]},{"@type":"WebSite","@id":"https:\/\/ifevet.com\/fr\/#website","url":"https:\/\/ifevet.com\/fr\/","name":"Ifevet International - Francia","description":"","potentialAction":[{"@type":"SearchAction","target":{"@type":"EntryPoint","urlTemplate":"https:\/\/ifevet.com\/fr\/?s={search_term_string}"},"query-input":{"@type":"PropertyValueSpecification","valueRequired":true,"valueName":"search_term_string"}}],"inLanguage":"es"}]}},"_links":{"self":[{"href":"https:\/\/ifevet.com\/fr\/wp-json\/wp\/v2\/pages\/5498","targetHints":{"allow":["GET"]}}],"collection":[{"href":"https:\/\/ifevet.com\/fr\/wp-json\/wp\/v2\/pages"}],"about":[{"href":"https:\/\/ifevet.com\/fr\/wp-json\/wp\/v2\/types\/page"}],"author":[{"embeddable":true,"href":"https:\/\/ifevet.com\/fr\/wp-json\/wp\/v2\/users\/1"}],"replies":[{"embeddable":true,"href":"https:\/\/ifevet.com\/fr\/wp-json\/wp\/v2\/comments?post=5498"}],"version-history":[{"count":4,"href":"https:\/\/ifevet.com\/fr\/wp-json\/wp\/v2\/pages\/5498\/revisions"}],"predecessor-version":[{"id":5506,"href":"https:\/\/ifevet.com\/fr\/wp-json\/wp\/v2\/pages\/5498\/revisions\/5506"}],"wp:attachment":[{"href":"https:\/\/ifevet.com\/fr\/wp-json\/wp\/v2\/media?parent=5498"}],"curies":[{"name":"wp","href":"https:\/\/api.w.org\/{rel}","templated":true}]}}