{"id":166,"date":"2023-09-08T11:02:26","date_gmt":"2023-09-08T09:02:26","guid":{"rendered":"https:\/\/ifevet.com\/it\/?page_id=166"},"modified":"2025-06-18T16:45:14","modified_gmt":"2025-06-18T14:45:14","slug":"informativa-sulla-privacy","status":"publish","type":"page","link":"https:\/\/ifevet.com\/it\/informativa-sulla-privacy\/","title":{"rendered":"Informativa sulla privacy"},"content":{"rendered":"\t\t<div data-elementor-type=\"wp-page\" data-elementor-id=\"166\" class=\"elementor elementor-166\" data-elementor-post-type=\"page\">\n\t\t\t\t\t\t<section class=\"elementor-section elementor-top-section elementor-element elementor-element-8d8008c elementor-section-boxed elementor-section-height-default elementor-section-height-default\" data-id=\"8d8008c\" data-element_type=\"section\">\n\t\t\t\t\t\t<div class=\"elementor-container elementor-column-gap-default\">\n\t\t\t\t\t<div class=\"elementor-column elementor-col-100 elementor-top-column elementor-element elementor-element-363bf14\" data-id=\"363bf14\" data-element_type=\"column\">\n\t\t\t<div class=\"elementor-widget-wrap elementor-element-populated\">\n\t\t\t\t\t\t<div class=\"elementor-element elementor-element-b79f93b elementor-widget elementor-widget-heading\" data-id=\"b79f93b\" data-element_type=\"widget\" data-widget_type=\"heading.default\">\n\t\t\t\t<div class=\"elementor-widget-container\">\n\t\t\t\t\t<h2 class=\"elementor-heading-title elementor-size-default\">Informativa sulla privacy<\/h2>\t\t\t\t<\/div>\n\t\t\t\t<\/div>\n\t\t\t\t\t<\/div>\n\t\t<\/div>\n\t\t\t\t\t<\/div>\n\t\t<\/section>\n\t\t\t\t<section class=\"elementor-section elementor-top-section elementor-element elementor-element-a175316 elementor-section-boxed elementor-section-height-default elementor-section-height-default\" data-id=\"a175316\" data-element_type=\"section\">\n\t\t\t\t\t\t<div class=\"elementor-container elementor-column-gap-default\">\n\t\t\t\t\t<div class=\"elementor-column elementor-col-100 elementor-top-column elementor-element elementor-element-43c37e3\" data-id=\"43c37e3\" data-element_type=\"column\">\n\t\t\t<div class=\"elementor-widget-wrap elementor-element-populated\">\n\t\t\t\t\t\t<div class=\"elementor-element elementor-element-9ad9c82 elementor-widget elementor-widget-text-editor\" data-id=\"9ad9c82\" data-element_type=\"widget\" data-widget_type=\"text-editor.default\">\n\t\t\t\t<div class=\"elementor-widget-container\">\n\t\t\t\t\t\t\t\t\t<p><strong><em>Introduzione<\/em><\/strong><\/p><p>La presente informativa sulla privacy \u00e8 stata sviluppata tenendo conto delle disposizioni della legge organica sulla protezione dei dati personali in vigore, nonch\u00e9 del regolamento 2016\/679 del Parlamento europeo e del Consiglio del 27 aprile 2016 relativo alla protezione delle risorse naturali soggetti rispetto al trattamento dei dati personali e alla diffusione degli stessi, di seguito RGPD.<\/p><p>Lo scopo della presente Informativa sulla Privacy \u00e8 quello di informare i titolari dei dati personali, rispetto ai quali vengono raccolte informazioni, gli aspetti specifici relativi al trattamento dei loro dati, tra le altre cose, le finalit\u00e0 del trattamento, i dati da contattare per esercitare i diritti che ti assistono, i periodi di conservazione delle informazioni e le misure di sicurezza, tra le altre cose.<\/p><p>\u00a0<\/p><p><strong><em>Responsabile del trattamento<\/em><\/strong><\/p><p>In termini di protezione dei dati, INSTITUTO ESPECIALIDADES VETERINARIAS SL, deve essere considerato responsabile del Trattamento, in relazione ai file\/trattamenti identificati nella presente politica, in particolare nella sezione Trattamento dei dati.<\/p><p>Dati identificativi del titolare di questo sito web:<\/p><p><strong><em>IFEVET<\/em><\/strong><\/p><p><strong><em>Nome dell&#8217;azienda: INSTITUTO ESPECIALIDADES VETERINARIAS SL<\/em><\/strong><\/p><p><strong><em>NIF: B88493549<\/em><\/strong><\/p><p><strong><em>Indirizzo: AVDA. DE EUROPA, 8 \u2013 28922 \u2013 ALCORC\u00d3N \u2013 MADRID<\/em><\/strong><\/p><p><strong><em>Telefono: 633435814<\/em><\/strong><\/p><p><strong><em>E-mail: info@ifevet.com<\/em><\/strong><\/p><p><strong><em>Dati del DPO: info@seinin.com<\/em><\/strong><\/p><p>\u00a0<\/p><p><strong><em>Elaborazione dei dati<\/em><\/strong><\/p><p>I dati personali richiesti, ove applicabili, saranno costituiti solo da quelli strettamente essenziali per identificare e rispondere alla richiesta avanzata dal titolare dello stesso, di seguito Interessato. I dati personali, invece, saranno raccolti per finalit\u00e0 determinate, esplicite e legittime, e non saranno ulteriormente trattati in modo incompatibile con tali finalit\u00e0.<\/p><p>I dati raccolti presso ciascun interessato saranno adeguati, pertinenti e non eccessivi rispetto alle finalit\u00e0 corrispondenti a ciascun caso, e saranno aggiornati ogniqualvolta necessario.<\/p><p>Il titolare dei dati sar\u00e0 informato, prima della raccolta dei propri dati, delle disposizioni generali della presente informativa affinch\u00e9 possa fornire un consenso espresso, preciso e inequivocabile al trattamento dei propri dati, secondo i seguenti aspetti.<\/p><p>\u00a0<\/p><p><strong><em>Finalit\u00e0 del trattamento<\/em><\/strong><\/p><p>Le finalit\u00e0 esplicite per le quali ciascuno dei trattamenti viene effettuato sono riportate nelle informative incorporate in ciascuna delle modalit\u00e0 di raccolta dei dati (moduli web, moduli cartacei, interventi o manifesti e note informative).<\/p><p>Tuttavia, i dati personali dell\u2019Interessato saranno trattati al solo fine di fornire una risposta efficace e rispondere alle richieste avanzate dall\u2019utente, specificate unitamente all\u2019opzione, al servizio, al modulo o al sistema di raccolta dati di cui si avvale il Titolare.<\/p><p>\u00a0<\/p><p><strong><em>Legittimazione<\/em><\/strong><\/p><p>Come regola generale, prima del trattamento dei dati personali, INSTITUTO ESPECIALIDADES VETERINARIAS SL, ottiene il consenso espresso e inequivocabile del titolare dello stesso, incorporando clausole di consenso informato nei diversi sistemi di raccolta delle informazioni.<\/p><p>Tuttavia, nel caso in cui non sia richiesto il consenso dell&#8217;interessato, la base legittimante del trattamento su cui si basa INSTITUTO ESPECIALIDADES VETERINARIAS SL \u00e8 l&#8217;esistenza di una legge o di un regolamento specifico che autorizza o richiede il trattamento dei dati dell&#8217;interessato. parte interessata.<\/p><p>Qualora l&#8217;interessato dichiari espressamente ed inequivocabilmente di aver preso visione della presente privacy policy, il titolare del trattamento avr\u00e0 facolt\u00e0 di gestire i dati forniti dall&#8217;interessato, al fine di erogare il servizio, fornire le informazioni richieste e\/o inviargli future offerte , in relazione all&#8217;attivit\u00e0 svolta dal responsabile.<\/p><p>\u00a0<\/p><p><strong><em>Destinatari<\/em><\/strong><\/p><p>Come regola generale, INSTITUTO ESPECIALIDADES VETERINARIAS SL non trasferisce o comunica dati a terzi, ad eccezione di quelli legalmente richiesti, mantenendo i clienti del gruppo ESTUDIOS VETERINARIOS SL (formato da INSTITUTO ESPECIALIDADES VETERINARIAS SL, ESPECIALIZACI\u00d3N VETERINARIA, SL e EPLEO VETERINARIO SL) su prodotti simili o quando lo scopo sia quello di effettuare una selezione del personale tra gli enti del gruppo ESTUDIOS VETERINARIOS SL, tuttavia, tali trasferimenti o comunicazioni di dati sono informati all&#8217;interessato attraverso clausole di consenso informato contenute nelle diverse modalit\u00e0 di raccolta dei dati personali.<\/p><p>\u00a0<\/p><p>\u00a0<\/p><p><strong><em>Origine<\/em><\/strong><\/p><p>Come regola generale, i dati personali sono sempre raccolti direttamente presso l&#8217;interessato, tuttavia, in determinate occasioni, i dati possono essere raccolti tramite terzi, entit\u00e0 appartenenti al gruppo ESTUDIOS VETERINARIOS SL (formato da INSTITUTO ESPECIALIDADES VETERINARIAS SL, ESPECIALIZACI\u00d3N VETERINARIA, SL e EPLEO VETERINARIO SL) o servizi diversi dall&#8217;interessato. In questo senso, questo punto sar\u00e0 trasferito all&#8217;interessato attraverso le clausole di consenso informato contenute nelle diverse modalit\u00e0 di raccolta delle informazioni ed entro un periodo di tempo ragionevole, una volta ottenuti i dati, e comunque entro un mese.<\/p><p>\u00a0<\/p><p><strong><em>Periodi di conservazione<\/em><\/strong><\/p><p>Le informazioni raccolte presso l&#8217;interessato saranno conservate per il tempo necessario a conseguire lo scopo per il quale i dati personali sono stati raccolti, pertanto, una volta adempiuta la finalit\u00e0, i dati verranno cancellati. Tale cancellazione dar\u00e0 luogo al blocco dei dati, che saranno conservati solo a disposizione dell&#8217;AAPP, dei giudici e dei tribunali, per far fronte alle possibili responsabilit\u00e0 derivanti dal trattamento, durante il periodo di prescrizione di questi, una volta scaduto il suddetto periodo, le informazioni verranno distrutte.<\/p><p>A titolo informativo, si riportano di seguito i termini legali per la conservazione delle informazioni in relazione alle diverse materie:<\/p><p>DOCUMENTO: Documentazione di carattere lavorativo o relativa alla previdenza sociale<\/p><p>DURATA: 4 anni<\/p><p>RIF. LEGALE: Articolo 21 del regio decreto legislativo 5\/2000, del 4 agosto, che approva il testo consolidato della legge sulle infrazioni e le sanzioni nell&#8217;ordine sociale.<\/p><p>DOCUMENTO: Documentazione contabile e fiscale ai fini commerciali<\/p><p>DURATA: 6 anni<\/p><p>RIF. LEGALE: Art. 30 Codice Commerciale<\/p><p>DOCUMENTO: Documentazione contabile e fiscale ai fini fiscali<\/p><p>DURATA: 4 anni<\/p><p>RIF. GIURIDICO: Articoli da 66 a 70 Legge tributaria generale<\/p><p>DOCUMENTO: Controllo degli accessi agli edifici<\/p><p>DURATA: 1 mese<\/p><p>RIF. LEGALE: Istruzione 1\/1996 dell&#8217;AEPD<\/p><p>DOCUMENTO: Videosorveglianza<\/p><p>DURATA: 1 mese<\/p><p>RIF. LEGALE: Istruzione 1\/2006 della Legge Organica 4\/1997 dell&#8217;AEPD<\/p><p>\u00a0<\/p><p><strong><em>Dati di navigazione<\/em><\/strong><\/p><p>In relazione ai dati di navigazione eventualmente trattati attraverso il sito, nel caso in cui vengano raccolti dati soggetti a normativa, si consiglia di consultare la Cookies Policy pubblicata sul nostro sito.<\/p><p>\u00a0<\/p><p><strong><em>Diritti degli interessati<\/em><\/strong><\/p><p>La normativa sulla protezione dei dati conferisce una serie di diritti agli interessati o titolari dei dati, agli utenti del sito web o agli utenti dei profili di social network di INSTITUTO ESPECIALIDADES VETERINARIAS SL<\/p><p>Questi diritti che assistono le persone interessate sono i seguenti:<\/p><ul><li>Diritto di accesso: diritto di ottenere informazioni circa se \u00e8 in corso un trattamento dei propri dati, la finalit\u00e0 del trattamento effettuato, le categorie di dati trattati, i destinatari o le categorie di destinatari, il periodo di conservazione e l&#8217;origine dei dati stessi.<\/li><li>Diritto di rettifica: diritto di ottenere la rettifica dei dati personali inesatti o incompleti.<\/li><li>Diritto alla cancellazione: diritto di ottenere la cancellazione dei dati nei seguenti casi:<ul><li>Quando i dati non sono pi\u00f9 necessari per lo scopo per il quale sono stati raccolti<\/li><li>Quando il titolare revoca il consenso.<\/li><li>Quando l\u2019interessato si oppone al trattamento<\/li><li>Quando devono essere cancellati in ottemperanza ad un obbligo legale<\/li><li>Quando i dati sono stati ottenuti in forza di un servizio della societ\u00e0 dell&#8217;informazione in base a quanto previsto dall&#8217;art. 8, sez 1 del Regolamento Europeo sulla Protezione dei Dati.<\/li><\/ul><\/li><li>Diritto di opposizione: diritto di opporsi a determinati trattamenti basati sul consenso dell&#8217;interessato.<\/li><li>Diritto di limitazione: diritto di ottenere la limitazione del trattamento dei dati quando ricorre una delle seguenti situazioni:<ul><li>Quando l&#8217;interessato contesta l&#8217;esattezza dei dati personali, durante un periodo che consente alla societ\u00e0 di verificarne l&#8217;esattezza.<\/li><li>Quando il trattamento \u00e8 illecito e l&#8217;interessato si oppone alla cancellazione dei dati.<\/li><li>Quando la societ\u00e0 non ha pi\u00f9 bisogno dei dati per le finalit\u00e0 per le quali sono stati raccolti, ma l&#8217;interessato ne ha bisogno per la formulazione, l&#8217;esercizio o la difesa di reclami.<\/li><li>Quando l&#8217;interessato si \u00e8 opposto al trattamento mentre si verifica se i motivi legittimi della societ\u00e0 prevalgono su quelli dell&#8217;interessato.<\/li><\/ul><\/li><li>Diritto alla portabilit\u00e0: diritto ad ottenere i dati in un formato strutturato, di uso comune e leggibile da dispositivo automatico, e di trasmetterli ad un altro titolare del trattamento quando:<ul><li>Il trattamento \u00e8 basato sul consenso<\/li><li>Il trattamento \u00e8 effettuato con mezzi automatizzati.<\/li><\/ul><\/li><li>Diritto di proporre reclamo all&#8217;autorit\u00e0 di controllo competente.<\/li><\/ul><p>Gli interessati potranno esercitare i diritti indicati contattando INSTITUTO ESPECIALIDADES VETERINARIAS SL, per iscritto, al seguente indirizzo: info@ifevet.com , indicando nell&#8217;oggetto il diritto che desiderano esercitare.<\/p><p>In questo senso, INSTITUTO ESPECIALIDADES VETERINARIAS SL, risponder\u00e0 alla tua richiesta il prima possibile e tenendo conto dei termini previsti dalla normativa sulla protezione dei dati.<\/p><p>\u00a0<\/p><p><strong><em>Sicurezza<\/em><\/strong><\/p><p>Le misure di sicurezza adottate da INSTITUTO ESPECIALIDADES VETERINARIAS SL sono quelle richieste, in conformit\u00e0 con le disposizioni dell&#8217;articolo 32 del RGPD. In questo senso, INSTITUTO ESPECIALIDADES VETERINARIAS SL, tenendo conto dello stato dell&#8217;arte, dei costi di applicazione e della natura, portata, contesto e finalit\u00e0 del trattamento, nonch\u00e9 dei rischi di probabilit\u00e0 e gravit\u00e0 variabili per i diritti e la libert\u00e0 delle persone fisiche, ha stabilito le misure tecniche e organizzative adeguate per garantire il livello di sicurezza adeguato al rischio esistente.<\/p><p>In ogni caso, INSTITUTO ESPECIALIDADES VETERINARIAS SL ha implementato meccanismi sufficienti per:<\/p><ol><li>Garantire la continua riservatezza, integrit\u00e0, disponibilit\u00e0 e resilienza dei sistemi e dei servizi di trattamento.<\/li><li>Ripristina rapidamente la disponibilit\u00e0 e l&#8217;accesso ai dati personali, in caso di incidente fisico o tecnico.<\/li><li>Verificare, valutare e valutare regolarmente l&#8217;efficacia delle misure tecniche e organizzative implementate per garantire la sicurezza del trattamento.<\/li><li>Pseudonimizzare e crittografare i dati personali, se applicabile.<\/li><\/ol><p>\u00a0<\/p>\t\t\t\t\t\t\t\t<\/div>\n\t\t\t\t<\/div>\n\t\t\t\t\t<\/div>\n\t\t<\/div>\n\t\t\t\t\t<\/div>\n\t\t<\/section>\n\t\t\t\t<\/div>\n\t\t","protected":false},"excerpt":{"rendered":"<p>Informativa sulla privacy Introduzione La presente informativa sulla privacy \u00e8 stata sviluppata tenendo conto delle disposizioni della legge organica sulla protezione dei dati personali in vigore, nonch\u00e9 del regolamento 2016\/679 del Parlamento europeo e del Consiglio del 27 aprile 2016 relativo alla protezione delle risorse naturali soggetti rispetto al trattamento dei dati personali e alla [&hellip;]<\/p>\n","protected":false},"author":1,"featured_media":4382,"parent":0,"menu_order":0,"comment_status":"closed","ping_status":"closed","template":"","meta":{"footnotes":""},"class_list":["post-166","page","type-page","status-publish","has-post-thumbnail","hentry"],"yoast_head":"<!-- This site is optimized with the Yoast SEO plugin v27.1.1 - https:\/\/yoast.com\/product\/yoast-seo-wordpress\/ -->\n<title>Ifevet International | Informativa sulla privacy<\/title>\n<meta name=\"description\" content=\"Istituto Internazionale di Formazione Veterinaria. Informazioni sulla privacy di Ifevet International. Formazione veterinaria.\" \/>\n<meta name=\"robots\" content=\"index, follow, max-snippet:-1, max-image-preview:large, max-video-preview:-1\" \/>\n<link rel=\"canonical\" href=\"https:\/\/ifevet.com\/it\/informativa-sulla-privacy\/\" \/>\n<meta property=\"og:locale\" content=\"es_ES\" \/>\n<meta property=\"og:type\" content=\"article\" \/>\n<meta property=\"og:title\" content=\"Ifevet International | Informativa sulla privacy\" \/>\n<meta property=\"og:description\" content=\"Istituto Internazionale di Formazione Veterinaria. Informazioni sulla privacy di Ifevet International. Formazione veterinaria.\" \/>\n<meta property=\"og:url\" content=\"https:\/\/ifevet.com\/it\/informativa-sulla-privacy\/\" \/>\n<meta property=\"og:site_name\" content=\"Ifevet International - Italia\" \/>\n<meta property=\"article:modified_time\" content=\"2025-06-18T14:45:14+00:00\" \/>\n<meta property=\"og:image\" content=\"https:\/\/ifevet.com\/it\/wp-content\/uploads\/sites\/14\/2024\/09\/logo-ifevet-international.jpg\" \/>\n\t<meta property=\"og:image:width\" content=\"300\" \/>\n\t<meta property=\"og:image:height\" content=\"300\" \/>\n\t<meta property=\"og:image:type\" content=\"image\/jpeg\" \/>\n<meta name=\"twitter:card\" content=\"summary_large_image\" \/>\n<meta name=\"twitter:label1\" content=\"Tiempo de lectura\" \/>\n\t<meta name=\"twitter:data1\" content=\"7 minutos\" \/>\n<script type=\"application\/ld+json\" class=\"yoast-schema-graph\">{\"@context\":\"https:\/\/schema.org\",\"@graph\":[{\"@type\":\"WebPage\",\"@id\":\"https:\/\/ifevet.com\/it\/informativa-sulla-privacy\/\",\"url\":\"https:\/\/ifevet.com\/it\/informativa-sulla-privacy\/\",\"name\":\"Ifevet International | Informativa sulla privacy\",\"isPartOf\":{\"@id\":\"https:\/\/ifevet.com\/it\/#website\"},\"primaryImageOfPage\":{\"@id\":\"https:\/\/ifevet.com\/it\/informativa-sulla-privacy\/#primaryimage\"},\"image\":{\"@id\":\"https:\/\/ifevet.com\/it\/informativa-sulla-privacy\/#primaryimage\"},\"thumbnailUrl\":\"https:\/\/ifevet.com\/it\/wp-content\/uploads\/sites\/14\/2024\/09\/logo-ifevet-international.jpg\",\"datePublished\":\"2023-09-08T09:02:26+00:00\",\"dateModified\":\"2025-06-18T14:45:14+00:00\",\"description\":\"Istituto Internazionale di Formazione Veterinaria. Informazioni sulla privacy di Ifevet International. Formazione veterinaria.\",\"breadcrumb\":{\"@id\":\"https:\/\/ifevet.com\/it\/informativa-sulla-privacy\/#breadcrumb\"},\"inLanguage\":\"es\",\"potentialAction\":[{\"@type\":\"ReadAction\",\"target\":[\"https:\/\/ifevet.com\/it\/informativa-sulla-privacy\/\"]}]},{\"@type\":\"ImageObject\",\"inLanguage\":\"es\",\"@id\":\"https:\/\/ifevet.com\/it\/informativa-sulla-privacy\/#primaryimage\",\"url\":\"https:\/\/ifevet.com\/it\/wp-content\/uploads\/sites\/14\/2024\/09\/logo-ifevet-international.jpg\",\"contentUrl\":\"https:\/\/ifevet.com\/it\/wp-content\/uploads\/sites\/14\/2024\/09\/logo-ifevet-international.jpg\",\"width\":300,\"height\":300},{\"@type\":\"BreadcrumbList\",\"@id\":\"https:\/\/ifevet.com\/it\/informativa-sulla-privacy\/#breadcrumb\",\"itemListElement\":[{\"@type\":\"ListItem\",\"position\":1,\"name\":\"Portada\",\"item\":\"https:\/\/ifevet.com\/it\/\"},{\"@type\":\"ListItem\",\"position\":2,\"name\":\"Informativa sulla privacy\"}]},{\"@type\":\"WebSite\",\"@id\":\"https:\/\/ifevet.com\/it\/#website\",\"url\":\"https:\/\/ifevet.com\/it\/\",\"name\":\"Ifevet International - Italia\",\"description\":\"Istituto Internazionale di Formazione Veterinaria\",\"potentialAction\":[{\"@type\":\"SearchAction\",\"target\":{\"@type\":\"EntryPoint\",\"urlTemplate\":\"https:\/\/ifevet.com\/it\/?s={search_term_string}\"},\"query-input\":{\"@type\":\"PropertyValueSpecification\",\"valueRequired\":true,\"valueName\":\"search_term_string\"}}],\"inLanguage\":\"es\"}]}<\/script>\n<!-- \/ Yoast SEO plugin. -->","yoast_head_json":{"title":"Ifevet International | Informativa sulla privacy","description":"Istituto Internazionale di Formazione Veterinaria. Informazioni sulla privacy di Ifevet International. Formazione veterinaria.","robots":{"index":"index","follow":"follow","max-snippet":"max-snippet:-1","max-image-preview":"max-image-preview:large","max-video-preview":"max-video-preview:-1"},"canonical":"https:\/\/ifevet.com\/it\/informativa-sulla-privacy\/","og_locale":"es_ES","og_type":"article","og_title":"Ifevet International | Informativa sulla privacy","og_description":"Istituto Internazionale di Formazione Veterinaria. Informazioni sulla privacy di Ifevet International. Formazione veterinaria.","og_url":"https:\/\/ifevet.com\/it\/informativa-sulla-privacy\/","og_site_name":"Ifevet International - Italia","article_modified_time":"2025-06-18T14:45:14+00:00","og_image":[{"width":300,"height":300,"url":"https:\/\/ifevet.com\/it\/wp-content\/uploads\/sites\/14\/2024\/09\/logo-ifevet-international.jpg","type":"image\/jpeg"}],"twitter_card":"summary_large_image","twitter_misc":{"Tiempo de lectura":"7 minutos"},"schema":{"@context":"https:\/\/schema.org","@graph":[{"@type":"WebPage","@id":"https:\/\/ifevet.com\/it\/informativa-sulla-privacy\/","url":"https:\/\/ifevet.com\/it\/informativa-sulla-privacy\/","name":"Ifevet International | Informativa sulla privacy","isPartOf":{"@id":"https:\/\/ifevet.com\/it\/#website"},"primaryImageOfPage":{"@id":"https:\/\/ifevet.com\/it\/informativa-sulla-privacy\/#primaryimage"},"image":{"@id":"https:\/\/ifevet.com\/it\/informativa-sulla-privacy\/#primaryimage"},"thumbnailUrl":"https:\/\/ifevet.com\/it\/wp-content\/uploads\/sites\/14\/2024\/09\/logo-ifevet-international.jpg","datePublished":"2023-09-08T09:02:26+00:00","dateModified":"2025-06-18T14:45:14+00:00","description":"Istituto Internazionale di Formazione Veterinaria. Informazioni sulla privacy di Ifevet International. Formazione veterinaria.","breadcrumb":{"@id":"https:\/\/ifevet.com\/it\/informativa-sulla-privacy\/#breadcrumb"},"inLanguage":"es","potentialAction":[{"@type":"ReadAction","target":["https:\/\/ifevet.com\/it\/informativa-sulla-privacy\/"]}]},{"@type":"ImageObject","inLanguage":"es","@id":"https:\/\/ifevet.com\/it\/informativa-sulla-privacy\/#primaryimage","url":"https:\/\/ifevet.com\/it\/wp-content\/uploads\/sites\/14\/2024\/09\/logo-ifevet-international.jpg","contentUrl":"https:\/\/ifevet.com\/it\/wp-content\/uploads\/sites\/14\/2024\/09\/logo-ifevet-international.jpg","width":300,"height":300},{"@type":"BreadcrumbList","@id":"https:\/\/ifevet.com\/it\/informativa-sulla-privacy\/#breadcrumb","itemListElement":[{"@type":"ListItem","position":1,"name":"Portada","item":"https:\/\/ifevet.com\/it\/"},{"@type":"ListItem","position":2,"name":"Informativa sulla privacy"}]},{"@type":"WebSite","@id":"https:\/\/ifevet.com\/it\/#website","url":"https:\/\/ifevet.com\/it\/","name":"Ifevet International - Italia","description":"Istituto Internazionale di Formazione Veterinaria","potentialAction":[{"@type":"SearchAction","target":{"@type":"EntryPoint","urlTemplate":"https:\/\/ifevet.com\/it\/?s={search_term_string}"},"query-input":{"@type":"PropertyValueSpecification","valueRequired":true,"valueName":"search_term_string"}}],"inLanguage":"es"}]}},"_links":{"self":[{"href":"https:\/\/ifevet.com\/it\/wp-json\/wp\/v2\/pages\/166","targetHints":{"allow":["GET"]}}],"collection":[{"href":"https:\/\/ifevet.com\/it\/wp-json\/wp\/v2\/pages"}],"about":[{"href":"https:\/\/ifevet.com\/it\/wp-json\/wp\/v2\/types\/page"}],"author":[{"embeddable":true,"href":"https:\/\/ifevet.com\/it\/wp-json\/wp\/v2\/users\/1"}],"replies":[{"embeddable":true,"href":"https:\/\/ifevet.com\/it\/wp-json\/wp\/v2\/comments?post=166"}],"version-history":[{"count":36,"href":"https:\/\/ifevet.com\/it\/wp-json\/wp\/v2\/pages\/166\/revisions"}],"predecessor-version":[{"id":6951,"href":"https:\/\/ifevet.com\/it\/wp-json\/wp\/v2\/pages\/166\/revisions\/6951"}],"wp:featuredmedia":[{"embeddable":true,"href":"https:\/\/ifevet.com\/it\/wp-json\/wp\/v2\/media\/4382"}],"wp:attachment":[{"href":"https:\/\/ifevet.com\/it\/wp-json\/wp\/v2\/media?parent=166"}],"curies":[{"name":"wp","href":"https:\/\/api.w.org\/{rel}","templated":true}]}}