{"id":143,"date":"2023-03-10T12:37:52","date_gmt":"2023-03-10T12:37:52","guid":{"rendered":"https:\/\/ifevet.com\/pt\/?page_id=143"},"modified":"2025-06-18T13:53:11","modified_gmt":"2025-06-18T12:53:11","slug":"politica-de-privacidade","status":"publish","type":"page","link":"https:\/\/ifevet.com\/pt\/politica-de-privacidade\/","title":{"rendered":"Pol\u00edtica de privacidade"},"content":{"rendered":"\t\t<div data-elementor-type=\"wp-page\" data-elementor-id=\"143\" class=\"elementor elementor-143\" data-elementor-post-type=\"page\">\n\t\t\t\t\t\t<section class=\"elementor-section elementor-top-section elementor-element elementor-element-35e1f226 elementor-hidden-tablet elementor-hidden-mobile elementor-section-boxed elementor-section-height-default elementor-section-height-default\" data-id=\"35e1f226\" data-element_type=\"section\">\n\t\t\t\t\t\t<div class=\"elementor-container elementor-column-gap-default\">\n\t\t\t\t\t<div class=\"elementor-column elementor-col-100 elementor-top-column elementor-element elementor-element-2192181c\" data-id=\"2192181c\" data-element_type=\"column\">\n\t\t\t<div class=\"elementor-widget-wrap elementor-element-populated\">\n\t\t\t\t\t\t<div class=\"elementor-element elementor-element-3918d55c elementor-widget elementor-widget-heading\" data-id=\"3918d55c\" data-element_type=\"widget\" data-widget_type=\"heading.default\">\n\t\t\t\t<div class=\"elementor-widget-container\">\n\t\t\t\t\t<h2 class=\"elementor-heading-title elementor-size-default\">Pol\u00edtica de Privacidade<\/h2>\t\t\t\t<\/div>\n\t\t\t\t<\/div>\n\t\t\t\t\t<\/div>\n\t\t<\/div>\n\t\t\t\t\t<\/div>\n\t\t<\/section>\n\t\t\t\t<section class=\"elementor-section elementor-top-section elementor-element elementor-element-7b0df064 elementor-hidden-desktop elementor-hidden-tablet elementor-section-boxed elementor-section-height-default elementor-section-height-default\" data-id=\"7b0df064\" data-element_type=\"section\">\n\t\t\t\t\t\t<div class=\"elementor-container elementor-column-gap-default\">\n\t\t\t\t\t<div class=\"elementor-column elementor-col-100 elementor-top-column elementor-element elementor-element-3cfe1917\" data-id=\"3cfe1917\" data-element_type=\"column\">\n\t\t\t<div class=\"elementor-widget-wrap elementor-element-populated\">\n\t\t\t\t\t\t<div class=\"elementor-element elementor-element-31295912 elementor-widget elementor-widget-heading\" data-id=\"31295912\" data-element_type=\"widget\" data-widget_type=\"heading.default\">\n\t\t\t\t<div class=\"elementor-widget-container\">\n\t\t\t\t\t<h2 class=\"elementor-heading-title elementor-size-default\">Pol\u00edtica de Privacidad<\/h2>\t\t\t\t<\/div>\n\t\t\t\t<\/div>\n\t\t\t\t\t<\/div>\n\t\t<\/div>\n\t\t\t\t\t<\/div>\n\t\t<\/section>\n\t\t\t\t<section class=\"elementor-section elementor-top-section elementor-element elementor-element-2880dd6b elementor-section-boxed elementor-section-height-default elementor-section-height-default\" data-id=\"2880dd6b\" data-element_type=\"section\">\n\t\t\t\t\t\t<div class=\"elementor-container elementor-column-gap-default\">\n\t\t\t\t\t<div class=\"elementor-column elementor-col-100 elementor-top-column elementor-element elementor-element-2b6f5cee\" data-id=\"2b6f5cee\" data-element_type=\"column\">\n\t\t\t<div class=\"elementor-widget-wrap elementor-element-populated\">\n\t\t\t\t\t\t<div class=\"elementor-element elementor-element-795e356c elementor-widget elementor-widget-text-editor\" data-id=\"795e356c\" data-element_type=\"widget\" data-widget_type=\"text-editor.default\">\n\t\t\t\t<div class=\"elementor-widget-container\">\n\t\t\t\t\t\t\t\t\t<p><strong>Introdu\u00e7\u00e3o<\/strong><br \/>A presente pol\u00edtica de privacidade foi elaborada em conformidade com o disposto na Lei Org\u00e2nica de Prote\u00e7\u00e3o de Dados de car\u00e1ter pessoal vigente, bem como no Regulamento 2016\/679 do Parlamento Europeu e do Conselho de 27 de abril de 2016, relativo \u00e0 prote\u00e7\u00e3o das pessoas f\u00edsicas no que diz respeito ao tratamento de dados pessoais e \u00e0 livre circula\u00e7\u00e3o desses dados, doravante RGPD.<br \/>Esta Pol\u00edtica de Privacidade tem como objetivo informar os titulares dos dados pessoais, em rela\u00e7\u00e3o aos quais se est\u00e1 coletando informa\u00e7\u00f5es, sobre os aspectos espec\u00edficos relativos ao tratamento de seus dados, incluindo, entre outros, as finalidades do tratamento, os dados de contato para o exerc\u00edcio de seus direitos, os prazos de conserva\u00e7\u00e3o das informa\u00e7\u00f5es e as medidas de seguran\u00e7a.<\/p><p><strong>Respons\u00e1vel pelo tratamento<\/strong><br \/>No \u00e2mbito da prote\u00e7\u00e3o de dados, o <strong>INSTITUTO ESPECIALIDADES VETERINARIAS S.L.<\/strong> deve ser considerado respons\u00e1vel pelo tratamento em rela\u00e7\u00e3o aos arquivos\/tratamentos identificados nesta pol\u00edtica, especificamente na se\u00e7\u00e3o \u201cTratamento de Dados\u201d.<\/p><p>Dados de identifica\u00e7\u00e3o do titular deste site:<\/p><ul><li><strong>IFEVET<\/strong><\/li><li><strong>Raz\u00e3o social:<\/strong> INSTITUTO ESPECIALIDADES VETERINARIAS S.L.<\/li><li><strong>NIF:<\/strong> B88493549<\/li><li><strong>Endere\u00e7o:<\/strong> AVDA. DE EUROPA, 8 \u2013 28922 \u2013 ALCORC\u00d3N \u2013 MADRI<\/li><li><strong>Telefone:<\/strong> 633435814<\/li><li><strong>E-mail:<\/strong> <a rel=\"noopener\">info@ifevet.com<\/a><\/li><li><strong>Dados do DPO:<\/strong> <a rel=\"noopener\">info@seinin.com<\/a><\/li><\/ul><p><strong>Tratamento de dados<\/strong><br \/>Os dados pessoais solicitados, caso necess\u00e1rio, consistir\u00e3o apenas naqueles estritamente indispens\u00e1veis para identificar e atender \u00e0 solicita\u00e7\u00e3o realizada pelo titular, doravante denominado Interessado. Por outro lado, os dados pessoais ser\u00e3o coletados para finalidades espec\u00edficas, expl\u00edcitas e leg\u00edtimas, n\u00e3o sendo tratados posteriormente de forma incompat\u00edvel com essas finalidades.<br \/>Os dados coletados de cada Interessado ser\u00e3o adequados, pertinentes e n\u00e3o excessivos em rela\u00e7\u00e3o \u00e0s finalidades correspondentes a cada caso, sendo atualizados sempre que necess\u00e1rio.<br \/>O titular dos dados ser\u00e1 informado, antes da coleta, sobre os aspectos gerais desta pol\u00edtica, de forma que possa fornecer seu consentimento expresso, preciso e inequ\u00edvoco para o tratamento de seus dados, conforme os seguintes aspectos.<\/p><p><strong>Finalidades do tratamento<\/strong><br \/>As finalidades expl\u00edcitas para as quais cada um dos tratamentos \u00e9 realizado est\u00e3o detalhadas nas cl\u00e1usulas informativas incorporadas em cada um dos meios de coleta de dados (formul\u00e1rios web, formul\u00e1rios em papel, grava\u00e7\u00f5es ou cartazes e notas informativas).<br \/>No entanto, os dados pessoais do Interessado ser\u00e3o tratados exclusivamente com a finalidade de proporcionar uma resposta eficaz e atender \u00e0s solicita\u00e7\u00f5es realizadas pelo usu\u00e1rio, especificadas juntamente com a op\u00e7\u00e3o, servi\u00e7o, formul\u00e1rio ou sistema de coleta de dados utilizado pelo titular.<\/p><p><strong>Legitima\u00e7\u00e3o<\/strong><br \/>Como regra geral, antes do tratamento dos dados pessoais, o <strong>INSTITUTO ESPECIALIDADES VETERINARIAS S.L.<\/strong> obt\u00e9m o consentimento expresso e inequ\u00edvoco do titular por meio da inclus\u00e3o de cl\u00e1usulas de consentimento informado nos diferentes sistemas de coleta de informa\u00e7\u00f5es.<br \/>No entanto, caso n\u00e3o seja necess\u00e1rio o consentimento do Interessado, a base legal do tratamento ser\u00e1 a exist\u00eancia de uma lei ou norma espec\u00edfica que autorize ou exija o tratamento dos dados.<br \/>Se o Interessado declarar de forma expressa e inequ\u00edvoca ter lido esta pol\u00edtica de privacidade, o respons\u00e1vel pelo tratamento estar\u00e1 legitimado a gerenciar os dados fornecidos pelo Interessado com a finalidade de prestar o servi\u00e7o, fornecer as informa\u00e7\u00f5es solicitadas e\/ou enviar futuras ofertas relacionadas \u00e0 atividade exercida pelo respons\u00e1vel.<\/p><p><strong>Destinat\u00e1rios<\/strong><br \/>Como regra geral, o <strong>INSTITUTO ESPECIALIDADES VETERINARIAS S.L.<\/strong> n\u00e3o transfere ou comunica os dados a terceiros, salvo quando exigido por lei, para manter os clientes informados sobre produtos similares dentro do grupo <strong>ESTUDIOS VETERINARIOS S.L.<\/strong> (composto por <strong>INSTITUTO ESPECIALIDADES VETERINARIAS S.L.<\/strong>, <strong>ESPECIALIZACI\u00d3N VETERINARIA, S.L.<\/strong> e <strong>EMPLEO VETERINARIO S.L.<\/strong>) ou quando a finalidade for realizar uma sele\u00e7\u00e3o de pessoal entre as entidades do grupo.<br \/>Tais transfer\u00eancias ou comunica\u00e7\u00f5es ser\u00e3o informadas ao Interessado por meio de cl\u00e1usulas de consentimento informado contidas nos diferentes meios de coleta de dados.<\/p><p><strong>Proced\u00eancia<\/strong><br \/>Em geral, os dados pessoais s\u00e3o sempre coletados diretamente do Interessado. No entanto, em determinadas ocasi\u00f5es, os dados podem ser obtidos por meio de terceiros, entidades do grupo <strong>ESTUDIOS VETERINARIOS S.L.<\/strong> ou servi\u00e7os distintos. Essa circunst\u00e2ncia ser\u00e1 informada ao Interessado por meio das cl\u00e1usulas de consentimento informado e no prazo m\u00e1ximo de um m\u00eas ap\u00f3s a obten\u00e7\u00e3o dos dados.<\/p><p><strong>Prazos de conserva\u00e7\u00e3o<\/strong><br \/>As informa\u00e7\u00f5es coletadas ser\u00e3o mantidas enquanto forem necess\u00e1rias para cumprir a finalidade para a qual os dados foram coletados. Ap\u00f3s o cumprimento da finalidade, os dados ser\u00e3o bloqueados, ficando dispon\u00edveis apenas para administra\u00e7\u00f5es p\u00fablicas, ju\u00edzes e tribunais durante o per\u00edodo de prescri\u00e7\u00e3o. Ap\u00f3s esse prazo, a informa\u00e7\u00e3o ser\u00e1 eliminada.<\/p><p>Exemplos de prazos legais:<\/p><ul><li><strong>Documenta\u00e7\u00e3o de car\u00e1ter trabalhista ou relacionada \u00e0 seguran\u00e7a social:<\/strong> 4 anos (Art. 21 do Real Decreto Legislativo 5\/2000).<\/li><li><strong>Documenta\u00e7\u00e3o cont\u00e1bil e fiscal para fins mercantis:<\/strong> 6 anos (Art. 30 do C\u00f3digo de Com\u00e9rcio).<\/li><li><strong>Documenta\u00e7\u00e3o fiscal:<\/strong> 4 anos (Art. 66 a 70 da Lei Geral Tribut\u00e1ria).<\/li><li><strong>Controle de acesso a edif\u00edcios:<\/strong> 1 m\u00eas (Instru\u00e7\u00e3o 1\/1996 da AEPD).<\/li><li><strong>Videovigil\u00e2ncia:<\/strong> 1 m\u00eas (Instru\u00e7\u00e3o 1\/2006 da AEPD e Lei Org\u00e2nica 4\/1997).<\/li><\/ul><p><strong>Dados de navega\u00e7\u00e3o<\/strong><br \/>Para informa\u00e7\u00f5es relacionadas \u00e0 navega\u00e7\u00e3o no site, recomenda-se consultar a Pol\u00edtica de Cookies publicada no site.<\/p><p><strong>Direitos dos interessados<\/strong><br \/>Os titulares de dados t\u00eam os seguintes direitos:<\/p><ul><li><strong>Acesso:<\/strong> obter informa\u00e7\u00f5es sobre se seus dados est\u00e3o sendo tratados.<\/li><li><strong>Retifica\u00e7\u00e3o:<\/strong> corrigir dados pessoais inexatos ou incompletos.<\/li><li><strong>Exclus\u00e3o:<\/strong> solicitar a exclus\u00e3o dos dados em determinados casos.<\/li><li><strong>Oposi\u00e7\u00e3o:<\/strong> opor-se ao tratamento com base no consentimento.<\/li><li><strong>Limita\u00e7\u00e3o:<\/strong> limitar o tratamento em circunst\u00e2ncias espec\u00edficas.<\/li><li><strong>Portabilidade:<\/strong> transferir os dados a outro respons\u00e1vel em formato estruturado.<\/li><li><strong>Reclama\u00e7\u00e3o:<\/strong> apresentar queixa perante a autoridade de controle.<\/li><\/ul><p>Os interessados podem exercer esses direitos enviando e-mail para <strong><a rel=\"noopener\">info@ifevet.com<\/a><\/strong> indicando o direito que desejam exercer.<\/p><p><strong>Seguran\u00e7a<\/strong><br \/>O <strong>INSTITUTO ESPECIALIDADES VETERINARIAS S.L.<\/strong> implementa medidas de seguran\u00e7a t\u00e9cnicas e organizativas adequadas, conforme o Art. 32 do RGPD, para garantir a prote\u00e7\u00e3o dos dados, incluindo confidencialidade, integridade, resili\u00eancia e mecanismos para restaurar os dados em caso de incidentes.<\/p><p>Em todo caso, o <strong>INSTITUTO ESPECIALIDADES VETERINARIAS S.L.<\/strong> implementou os mecanismos necess\u00e1rios para:<\/p><ol><li>Garantir a confidencialidade, integridade, disponibilidade e resili\u00eancia permanentes dos sistemas e servi\u00e7os de tratamento.<\/li><li>Restaurar a disponibilidade e o acesso aos dados pessoais de forma r\u00e1pida, em caso de incidente f\u00edsico ou t\u00e9cnico.<\/li><li>Verificar, avaliar e valorar regularmente a efic\u00e1cia das medidas t\u00e9cnicas e organizativas implementadas para garantir a seguran\u00e7a do tratamento.<\/li><li>Pseudonimizar e criptografar os dados pessoais, quando aplic\u00e1vel.<\/li><\/ol>\t\t\t\t\t\t\t\t<\/div>\n\t\t\t\t<\/div>\n\t\t\t\t\t<\/div>\n\t\t<\/div>\n\t\t\t\t\t<\/div>\n\t\t<\/section>\n\t\t\t\t<\/div>\n\t\t","protected":false},"excerpt":{"rendered":"<p>Pol\u00edtica de Privacidade Pol\u00edtica de Privacidad Introdu\u00e7\u00e3o A presente pol\u00edtica de privacidade foi elaborada em conformidade com o disposto na Lei Org\u00e2nica de Prote\u00e7\u00e3o de Dados de car\u00e1ter pessoal vigente, bem como no Regulamento 2016\/679 do Parlamento Europeu e do Conselho de 27 de abril de 2016, relativo \u00e0 prote\u00e7\u00e3o das pessoas f\u00edsicas no que [&hellip;]<\/p>\n","protected":false},"author":1,"featured_media":44485,"parent":0,"menu_order":0,"comment_status":"closed","ping_status":"closed","template":"","meta":{"footnotes":""},"class_list":["post-143","page","type-page","status-publish","has-post-thumbnail","hentry"],"yoast_head":"<!-- This site is optimized with the Yoast SEO plugin v27.1.1 - https:\/\/yoast.com\/product\/yoast-seo-wordpress\/ -->\n<title>Ifevet International | Pol\u00edtica de privacidade<\/title>\n<meta name=\"description\" content=\"Esta Pol\u00edtica de Privacidade foi desenvolvida tendo em conta as disposi\u00e7\u00f5es da Lei Org\u00e2nica sobre a Protec\u00e7\u00e3o de Dados Pessoais em vigor.\" \/>\n<meta name=\"robots\" content=\"index, follow, max-snippet:-1, max-image-preview:large, max-video-preview:-1\" \/>\n<link rel=\"canonical\" href=\"https:\/\/ifevet.com\/pt\/politica-de-privacidade\/\" \/>\n<meta property=\"og:locale\" content=\"es_ES\" \/>\n<meta property=\"og:type\" content=\"article\" \/>\n<meta property=\"og:title\" content=\"Ifevet International | Pol\u00edtica de privacidade\" \/>\n<meta property=\"og:description\" content=\"Esta Pol\u00edtica de Privacidade foi desenvolvida tendo em conta as disposi\u00e7\u00f5es da Lei Org\u00e2nica sobre a Protec\u00e7\u00e3o de Dados Pessoais em vigor.\" \/>\n<meta property=\"og:url\" content=\"https:\/\/ifevet.com\/pt\/politica-de-privacidade\/\" \/>\n<meta property=\"og:site_name\" content=\"Ifevet International - Portugal\" \/>\n<meta property=\"article:modified_time\" content=\"2025-06-18T12:53:11+00:00\" \/>\n<meta property=\"og:image\" content=\"https:\/\/ifevet.com\/pt\/wp-content\/uploads\/sites\/9\/2024\/09\/logo-portugal-ifevet-international.jpg\" \/>\n\t<meta property=\"og:image:width\" content=\"300\" \/>\n\t<meta property=\"og:image:height\" content=\"300\" \/>\n\t<meta property=\"og:image:type\" content=\"image\/jpeg\" \/>\n<meta name=\"twitter:card\" content=\"summary_large_image\" \/>\n<meta name=\"twitter:label1\" content=\"Tiempo de lectura\" \/>\n\t<meta name=\"twitter:data1\" content=\"5 minutos\" \/>\n<script type=\"application\/ld+json\" class=\"yoast-schema-graph\">{\"@context\":\"https:\/\/schema.org\",\"@graph\":[{\"@type\":\"WebPage\",\"@id\":\"https:\/\/ifevet.com\/pt\/politica-de-privacidade\/\",\"url\":\"https:\/\/ifevet.com\/pt\/politica-de-privacidade\/\",\"name\":\"Ifevet International | Pol\u00edtica de privacidade\",\"isPartOf\":{\"@id\":\"https:\/\/ifevet.com\/pt\/#website\"},\"primaryImageOfPage\":{\"@id\":\"https:\/\/ifevet.com\/pt\/politica-de-privacidade\/#primaryimage\"},\"image\":{\"@id\":\"https:\/\/ifevet.com\/pt\/politica-de-privacidade\/#primaryimage\"},\"thumbnailUrl\":\"https:\/\/ifevet.com\/pt\/wp-content\/uploads\/sites\/9\/2024\/09\/logo-portugal-ifevet-international.jpg\",\"datePublished\":\"2023-03-10T12:37:52+00:00\",\"dateModified\":\"2025-06-18T12:53:11+00:00\",\"description\":\"Esta Pol\u00edtica de Privacidade foi desenvolvida tendo em conta as disposi\u00e7\u00f5es da Lei Org\u00e2nica sobre a Protec\u00e7\u00e3o de Dados Pessoais em vigor.\",\"breadcrumb\":{\"@id\":\"https:\/\/ifevet.com\/pt\/politica-de-privacidade\/#breadcrumb\"},\"inLanguage\":\"es\",\"potentialAction\":[{\"@type\":\"ReadAction\",\"target\":[\"https:\/\/ifevet.com\/pt\/politica-de-privacidade\/\"]}]},{\"@type\":\"ImageObject\",\"inLanguage\":\"es\",\"@id\":\"https:\/\/ifevet.com\/pt\/politica-de-privacidade\/#primaryimage\",\"url\":\"https:\/\/ifevet.com\/pt\/wp-content\/uploads\/sites\/9\/2024\/09\/logo-portugal-ifevet-international.jpg\",\"contentUrl\":\"https:\/\/ifevet.com\/pt\/wp-content\/uploads\/sites\/9\/2024\/09\/logo-portugal-ifevet-international.jpg\",\"width\":300,\"height\":300},{\"@type\":\"BreadcrumbList\",\"@id\":\"https:\/\/ifevet.com\/pt\/politica-de-privacidade\/#breadcrumb\",\"itemListElement\":[{\"@type\":\"ListItem\",\"position\":1,\"name\":\"Portada\",\"item\":\"https:\/\/ifevet.com\/pt\/\"},{\"@type\":\"ListItem\",\"position\":2,\"name\":\"Pol\u00edtica de privacidade\"}]},{\"@type\":\"WebSite\",\"@id\":\"https:\/\/ifevet.com\/pt\/#website\",\"url\":\"https:\/\/ifevet.com\/pt\/\",\"name\":\"Ifevet International - Portugal\",\"description\":\"Instituto Internacional de Forma\u00e7\u00e3o Veterin\u00e1ria\",\"potentialAction\":[{\"@type\":\"SearchAction\",\"target\":{\"@type\":\"EntryPoint\",\"urlTemplate\":\"https:\/\/ifevet.com\/pt\/?s={search_term_string}\"},\"query-input\":{\"@type\":\"PropertyValueSpecification\",\"valueRequired\":true,\"valueName\":\"search_term_string\"}}],\"inLanguage\":\"es\"}]}<\/script>\n<!-- \/ Yoast SEO plugin. -->","yoast_head_json":{"title":"Ifevet International | Pol\u00edtica de privacidade","description":"Esta Pol\u00edtica de Privacidade foi desenvolvida tendo em conta as disposi\u00e7\u00f5es da Lei Org\u00e2nica sobre a Protec\u00e7\u00e3o de Dados Pessoais em vigor.","robots":{"index":"index","follow":"follow","max-snippet":"max-snippet:-1","max-image-preview":"max-image-preview:large","max-video-preview":"max-video-preview:-1"},"canonical":"https:\/\/ifevet.com\/pt\/politica-de-privacidade\/","og_locale":"es_ES","og_type":"article","og_title":"Ifevet International | Pol\u00edtica de privacidade","og_description":"Esta Pol\u00edtica de Privacidade foi desenvolvida tendo em conta as disposi\u00e7\u00f5es da Lei Org\u00e2nica sobre a Protec\u00e7\u00e3o de Dados Pessoais em vigor.","og_url":"https:\/\/ifevet.com\/pt\/politica-de-privacidade\/","og_site_name":"Ifevet International - Portugal","article_modified_time":"2025-06-18T12:53:11+00:00","og_image":[{"width":300,"height":300,"url":"https:\/\/ifevet.com\/pt\/wp-content\/uploads\/sites\/9\/2024\/09\/logo-portugal-ifevet-international.jpg","type":"image\/jpeg"}],"twitter_card":"summary_large_image","twitter_misc":{"Tiempo de lectura":"5 minutos"},"schema":{"@context":"https:\/\/schema.org","@graph":[{"@type":"WebPage","@id":"https:\/\/ifevet.com\/pt\/politica-de-privacidade\/","url":"https:\/\/ifevet.com\/pt\/politica-de-privacidade\/","name":"Ifevet International | Pol\u00edtica de privacidade","isPartOf":{"@id":"https:\/\/ifevet.com\/pt\/#website"},"primaryImageOfPage":{"@id":"https:\/\/ifevet.com\/pt\/politica-de-privacidade\/#primaryimage"},"image":{"@id":"https:\/\/ifevet.com\/pt\/politica-de-privacidade\/#primaryimage"},"thumbnailUrl":"https:\/\/ifevet.com\/pt\/wp-content\/uploads\/sites\/9\/2024\/09\/logo-portugal-ifevet-international.jpg","datePublished":"2023-03-10T12:37:52+00:00","dateModified":"2025-06-18T12:53:11+00:00","description":"Esta Pol\u00edtica de Privacidade foi desenvolvida tendo em conta as disposi\u00e7\u00f5es da Lei Org\u00e2nica sobre a Protec\u00e7\u00e3o de Dados Pessoais em vigor.","breadcrumb":{"@id":"https:\/\/ifevet.com\/pt\/politica-de-privacidade\/#breadcrumb"},"inLanguage":"es","potentialAction":[{"@type":"ReadAction","target":["https:\/\/ifevet.com\/pt\/politica-de-privacidade\/"]}]},{"@type":"ImageObject","inLanguage":"es","@id":"https:\/\/ifevet.com\/pt\/politica-de-privacidade\/#primaryimage","url":"https:\/\/ifevet.com\/pt\/wp-content\/uploads\/sites\/9\/2024\/09\/logo-portugal-ifevet-international.jpg","contentUrl":"https:\/\/ifevet.com\/pt\/wp-content\/uploads\/sites\/9\/2024\/09\/logo-portugal-ifevet-international.jpg","width":300,"height":300},{"@type":"BreadcrumbList","@id":"https:\/\/ifevet.com\/pt\/politica-de-privacidade\/#breadcrumb","itemListElement":[{"@type":"ListItem","position":1,"name":"Portada","item":"https:\/\/ifevet.com\/pt\/"},{"@type":"ListItem","position":2,"name":"Pol\u00edtica de privacidade"}]},{"@type":"WebSite","@id":"https:\/\/ifevet.com\/pt\/#website","url":"https:\/\/ifevet.com\/pt\/","name":"Ifevet International - Portugal","description":"Instituto Internacional de Forma\u00e7\u00e3o Veterin\u00e1ria","potentialAction":[{"@type":"SearchAction","target":{"@type":"EntryPoint","urlTemplate":"https:\/\/ifevet.com\/pt\/?s={search_term_string}"},"query-input":{"@type":"PropertyValueSpecification","valueRequired":true,"valueName":"search_term_string"}}],"inLanguage":"es"}]}},"_links":{"self":[{"href":"https:\/\/ifevet.com\/pt\/wp-json\/wp\/v2\/pages\/143","targetHints":{"allow":["GET"]}}],"collection":[{"href":"https:\/\/ifevet.com\/pt\/wp-json\/wp\/v2\/pages"}],"about":[{"href":"https:\/\/ifevet.com\/pt\/wp-json\/wp\/v2\/types\/page"}],"author":[{"embeddable":true,"href":"https:\/\/ifevet.com\/pt\/wp-json\/wp\/v2\/users\/1"}],"replies":[{"embeddable":true,"href":"https:\/\/ifevet.com\/pt\/wp-json\/wp\/v2\/comments?post=143"}],"version-history":[{"count":24,"href":"https:\/\/ifevet.com\/pt\/wp-json\/wp\/v2\/pages\/143\/revisions"}],"predecessor-version":[{"id":46530,"href":"https:\/\/ifevet.com\/pt\/wp-json\/wp\/v2\/pages\/143\/revisions\/46530"}],"wp:featuredmedia":[{"embeddable":true,"href":"https:\/\/ifevet.com\/pt\/wp-json\/wp\/v2\/media\/44485"}],"wp:attachment":[{"href":"https:\/\/ifevet.com\/pt\/wp-json\/wp\/v2\/media?parent=143"}],"curies":[{"name":"wp","href":"https:\/\/api.w.org\/{rel}","templated":true}]}}