{"id":40467,"date":"2023-10-09T10:07:59","date_gmt":"2023-10-09T10:07:59","guid":{"rendered":"https:\/\/ifevet.com\/pt\/?page_id=40467"},"modified":"2025-01-10T11:55:53","modified_gmt":"2025-01-10T11:55:53","slug":"o-reconhecimento-solicita-informacoes","status":"publish","type":"page","link":"https:\/\/ifevet.com\/pt\/o-reconhecimento-solicita-informacoes\/","title":{"rendered":"O reconhecimento solicita informa\u00e7\u00f5es"},"content":{"rendered":"\t\t<div data-elementor-type=\"wp-page\" data-elementor-id=\"40467\" class=\"elementor elementor-40467\" data-elementor-post-type=\"page\">\n\t\t\t\t\t\t<section class=\"elementor-section elementor-top-section elementor-element elementor-element-1067c0a4 elementor-section-boxed elementor-section-height-default elementor-section-height-default\" data-id=\"1067c0a4\" data-element_type=\"section\">\n\t\t\t\t\t\t<div class=\"elementor-container elementor-column-gap-default\">\n\t\t\t\t\t<div class=\"elementor-column elementor-col-100 elementor-top-column elementor-element elementor-element-78582fa3\" data-id=\"78582fa3\" data-element_type=\"column\">\n\t\t\t<div class=\"elementor-widget-wrap elementor-element-populated\">\n\t\t\t\t\t\t<div class=\"elementor-element elementor-element-98dae0d elementor-widget elementor-widget-heading\" data-id=\"98dae0d\" data-element_type=\"widget\" data-widget_type=\"heading.default\">\n\t\t\t\t<div class=\"elementor-widget-container\">\n\t\t\t\t\t<h2 class=\"elementor-heading-title elementor-size-default\">Obrigado por solicitar informa\u00e7\u00f5es!<\/h2>\t\t\t\t<\/div>\n\t\t\t\t<\/div>\n\t\t\t\t\t<\/div>\n\t\t<\/div>\n\t\t\t\t\t<\/div>\n\t\t<\/section>\n\t\t\t\t<section class=\"elementor-section elementor-top-section elementor-element elementor-element-5139c1d7 elementor-section-boxed elementor-section-height-default elementor-section-height-default\" data-id=\"5139c1d7\" data-element_type=\"section\">\n\t\t\t\t\t\t<div class=\"elementor-container elementor-column-gap-default\">\n\t\t\t\t\t<div class=\"elementor-column elementor-col-100 elementor-top-column elementor-element elementor-element-535f672d\" data-id=\"535f672d\" data-element_type=\"column\">\n\t\t\t<div class=\"elementor-widget-wrap elementor-element-populated\">\n\t\t\t\t\t\t<div class=\"elementor-element elementor-element-741fcb1d elementor-widget elementor-widget-text-editor\" data-id=\"741fcb1d\" data-element_type=\"widget\" data-widget_type=\"text-editor.default\">\n\t\t\t\t<div class=\"elementor-widget-container\">\n\t\t\t\t\t\t\t\t\t<p>Recebemos com sucesso o seu pedido de informa\u00e7\u00e3o. Os nossos conselheiros de forma\u00e7\u00e3o entrar\u00e3o em contacto consigo logo que poss\u00edvel.<\/p>\t\t\t\t\t\t\t\t<\/div>\n\t\t\t\t<\/div>\n\t\t\t\t\t<\/div>\n\t\t<\/div>\n\t\t\t\t\t<\/div>\n\t\t<\/section>\n\t\t\t\t<section class=\"elementor-section elementor-top-section elementor-element elementor-element-262ce579 elementor-section-boxed elementor-section-height-default elementor-section-height-default\" data-id=\"262ce579\" data-element_type=\"section\">\n\t\t\t\t\t\t<div class=\"elementor-container elementor-column-gap-default\">\n\t\t\t\t\t<div class=\"elementor-column elementor-col-100 elementor-top-column elementor-element elementor-element-5509b05a\" data-id=\"5509b05a\" data-element_type=\"column\">\n\t\t\t<div class=\"elementor-widget-wrap elementor-element-populated\">\n\t\t\t\t\t\t<div class=\"elementor-element elementor-element-421550e7 elementor-align-center elementor-widget elementor-widget-button\" data-id=\"421550e7\" data-element_type=\"widget\" data-widget_type=\"button.default\">\n\t\t\t\t<div class=\"elementor-widget-container\">\n\t\t\t\t\t\t\t\t\t<div class=\"elementor-button-wrapper\">\n\t\t\t\t\t<a class=\"elementor-button elementor-button-link elementor-size-sm\" href=\"https:\/\/ifevet.com\/pt\">\n\t\t\t\t\t\t<span class=\"elementor-button-content-wrapper\">\n\t\t\t\t\t\t\t\t\t<span class=\"elementor-button-text\">Voltar ao in\u00edcio<\/span>\n\t\t\t\t\t<\/span>\n\t\t\t\t\t<\/a>\n\t\t\t\t<\/div>\n\t\t\t\t\t\t\t\t<\/div>\n\t\t\t\t<\/div>\n\t\t\t\t\t<\/div>\n\t\t<\/div>\n\t\t\t\t\t<\/div>\n\t\t<\/section>\n\t\t\t\t<\/div>\n\t\t","protected":false},"excerpt":{"rendered":"<p>Obrigado por solicitar informa\u00e7\u00f5es! Recebemos com sucesso o seu pedido de informa\u00e7\u00e3o. Os nossos conselheiros de forma\u00e7\u00e3o entrar\u00e3o em contacto consigo logo que poss\u00edvel. Voltar ao in\u00edcio<\/p>\n","protected":false},"author":1,"featured_media":44485,"parent":0,"menu_order":0,"comment_status":"closed","ping_status":"closed","template":"","meta":{"footnotes":""},"class_list":["post-40467","page","type-page","status-publish","has-post-thumbnail","hentry"],"yoast_head":"<!-- This site is optimized with the Yoast SEO plugin v27.1.1 - https:\/\/yoast.com\/product\/yoast-seo-wordpress\/ -->\n<title>Ifevet International | Obrigado por solicitar informa\u00e7\u00f5es<\/title>\n<meta name=\"description\" content=\"Instituto Internacional de Forma\u00e7\u00e3o Veterin\u00e1ria | Obrigado por solicitar informa\u00e7\u00f5es. Entraremos em contacto consigo em breve.\" \/>\n<meta name=\"robots\" content=\"index, follow, max-snippet:-1, max-image-preview:large, max-video-preview:-1\" \/>\n<link rel=\"canonical\" href=\"https:\/\/ifevet.com\/pt\/o-reconhecimento-solicita-informacoes\/\" \/>\n<meta property=\"og:locale\" content=\"es_ES\" \/>\n<meta property=\"og:type\" content=\"article\" \/>\n<meta property=\"og:title\" content=\"Ifevet International | Obrigado por solicitar informa\u00e7\u00f5es\" \/>\n<meta property=\"og:description\" content=\"Instituto Internacional de Forma\u00e7\u00e3o Veterin\u00e1ria | Obrigado por solicitar informa\u00e7\u00f5es. Entraremos em contacto consigo em breve.\" \/>\n<meta property=\"og:url\" content=\"https:\/\/ifevet.com\/pt\/o-reconhecimento-solicita-informacoes\/\" \/>\n<meta property=\"og:site_name\" content=\"Ifevet International - Portugal\" \/>\n<meta property=\"article:modified_time\" content=\"2025-01-10T11:55:53+00:00\" \/>\n<meta property=\"og:image\" content=\"https:\/\/ifevet.com\/pt\/wp-content\/uploads\/sites\/9\/2024\/09\/logo-portugal-ifevet-international.jpg\" \/>\n\t<meta property=\"og:image:width\" content=\"300\" \/>\n\t<meta property=\"og:image:height\" content=\"300\" \/>\n\t<meta property=\"og:image:type\" content=\"image\/jpeg\" \/>\n<meta name=\"twitter:card\" content=\"summary_large_image\" \/>\n<meta name=\"twitter:label1\" content=\"Tiempo de lectura\" \/>\n\t<meta name=\"twitter:data1\" content=\"1 minuto\" \/>\n<script type=\"application\/ld+json\" class=\"yoast-schema-graph\">{\"@context\":\"https:\/\/schema.org\",\"@graph\":[{\"@type\":\"WebPage\",\"@id\":\"https:\/\/ifevet.com\/pt\/o-reconhecimento-solicita-informacoes\/\",\"url\":\"https:\/\/ifevet.com\/pt\/o-reconhecimento-solicita-informacoes\/\",\"name\":\"Ifevet International | Obrigado por solicitar informa\u00e7\u00f5es\",\"isPartOf\":{\"@id\":\"https:\/\/ifevet.com\/pt\/#website\"},\"primaryImageOfPage\":{\"@id\":\"https:\/\/ifevet.com\/pt\/o-reconhecimento-solicita-informacoes\/#primaryimage\"},\"image\":{\"@id\":\"https:\/\/ifevet.com\/pt\/o-reconhecimento-solicita-informacoes\/#primaryimage\"},\"thumbnailUrl\":\"https:\/\/ifevet.com\/pt\/wp-content\/uploads\/sites\/9\/2024\/09\/logo-portugal-ifevet-international.jpg\",\"datePublished\":\"2023-10-09T10:07:59+00:00\",\"dateModified\":\"2025-01-10T11:55:53+00:00\",\"description\":\"Instituto Internacional de Forma\u00e7\u00e3o Veterin\u00e1ria | Obrigado por solicitar informa\u00e7\u00f5es. Entraremos em contacto consigo em breve.\",\"breadcrumb\":{\"@id\":\"https:\/\/ifevet.com\/pt\/o-reconhecimento-solicita-informacoes\/#breadcrumb\"},\"inLanguage\":\"es\",\"potentialAction\":[{\"@type\":\"ReadAction\",\"target\":[\"https:\/\/ifevet.com\/pt\/o-reconhecimento-solicita-informacoes\/\"]}]},{\"@type\":\"ImageObject\",\"inLanguage\":\"es\",\"@id\":\"https:\/\/ifevet.com\/pt\/o-reconhecimento-solicita-informacoes\/#primaryimage\",\"url\":\"https:\/\/ifevet.com\/pt\/wp-content\/uploads\/sites\/9\/2024\/09\/logo-portugal-ifevet-international.jpg\",\"contentUrl\":\"https:\/\/ifevet.com\/pt\/wp-content\/uploads\/sites\/9\/2024\/09\/logo-portugal-ifevet-international.jpg\",\"width\":300,\"height\":300},{\"@type\":\"BreadcrumbList\",\"@id\":\"https:\/\/ifevet.com\/pt\/o-reconhecimento-solicita-informacoes\/#breadcrumb\",\"itemListElement\":[{\"@type\":\"ListItem\",\"position\":1,\"name\":\"Portada\",\"item\":\"https:\/\/ifevet.com\/pt\/\"},{\"@type\":\"ListItem\",\"position\":2,\"name\":\"O reconhecimento solicita informa\u00e7\u00f5es\"}]},{\"@type\":\"WebSite\",\"@id\":\"https:\/\/ifevet.com\/pt\/#website\",\"url\":\"https:\/\/ifevet.com\/pt\/\",\"name\":\"Ifevet International - Portugal\",\"description\":\"Instituto Internacional de Forma\u00e7\u00e3o Veterin\u00e1ria\",\"potentialAction\":[{\"@type\":\"SearchAction\",\"target\":{\"@type\":\"EntryPoint\",\"urlTemplate\":\"https:\/\/ifevet.com\/pt\/?s={search_term_string}\"},\"query-input\":{\"@type\":\"PropertyValueSpecification\",\"valueRequired\":true,\"valueName\":\"search_term_string\"}}],\"inLanguage\":\"es\"}]}<\/script>\n<!-- \/ Yoast SEO plugin. -->","yoast_head_json":{"title":"Ifevet International | Obrigado por solicitar informa\u00e7\u00f5es","description":"Instituto Internacional de Forma\u00e7\u00e3o Veterin\u00e1ria | Obrigado por solicitar informa\u00e7\u00f5es. Entraremos em contacto consigo em breve.","robots":{"index":"index","follow":"follow","max-snippet":"max-snippet:-1","max-image-preview":"max-image-preview:large","max-video-preview":"max-video-preview:-1"},"canonical":"https:\/\/ifevet.com\/pt\/o-reconhecimento-solicita-informacoes\/","og_locale":"es_ES","og_type":"article","og_title":"Ifevet International | Obrigado por solicitar informa\u00e7\u00f5es","og_description":"Instituto Internacional de Forma\u00e7\u00e3o Veterin\u00e1ria | Obrigado por solicitar informa\u00e7\u00f5es. Entraremos em contacto consigo em breve.","og_url":"https:\/\/ifevet.com\/pt\/o-reconhecimento-solicita-informacoes\/","og_site_name":"Ifevet International - Portugal","article_modified_time":"2025-01-10T11:55:53+00:00","og_image":[{"width":300,"height":300,"url":"https:\/\/ifevet.com\/pt\/wp-content\/uploads\/sites\/9\/2024\/09\/logo-portugal-ifevet-international.jpg","type":"image\/jpeg"}],"twitter_card":"summary_large_image","twitter_misc":{"Tiempo de lectura":"1 minuto"},"schema":{"@context":"https:\/\/schema.org","@graph":[{"@type":"WebPage","@id":"https:\/\/ifevet.com\/pt\/o-reconhecimento-solicita-informacoes\/","url":"https:\/\/ifevet.com\/pt\/o-reconhecimento-solicita-informacoes\/","name":"Ifevet International | Obrigado por solicitar informa\u00e7\u00f5es","isPartOf":{"@id":"https:\/\/ifevet.com\/pt\/#website"},"primaryImageOfPage":{"@id":"https:\/\/ifevet.com\/pt\/o-reconhecimento-solicita-informacoes\/#primaryimage"},"image":{"@id":"https:\/\/ifevet.com\/pt\/o-reconhecimento-solicita-informacoes\/#primaryimage"},"thumbnailUrl":"https:\/\/ifevet.com\/pt\/wp-content\/uploads\/sites\/9\/2024\/09\/logo-portugal-ifevet-international.jpg","datePublished":"2023-10-09T10:07:59+00:00","dateModified":"2025-01-10T11:55:53+00:00","description":"Instituto Internacional de Forma\u00e7\u00e3o Veterin\u00e1ria | Obrigado por solicitar informa\u00e7\u00f5es. Entraremos em contacto consigo em breve.","breadcrumb":{"@id":"https:\/\/ifevet.com\/pt\/o-reconhecimento-solicita-informacoes\/#breadcrumb"},"inLanguage":"es","potentialAction":[{"@type":"ReadAction","target":["https:\/\/ifevet.com\/pt\/o-reconhecimento-solicita-informacoes\/"]}]},{"@type":"ImageObject","inLanguage":"es","@id":"https:\/\/ifevet.com\/pt\/o-reconhecimento-solicita-informacoes\/#primaryimage","url":"https:\/\/ifevet.com\/pt\/wp-content\/uploads\/sites\/9\/2024\/09\/logo-portugal-ifevet-international.jpg","contentUrl":"https:\/\/ifevet.com\/pt\/wp-content\/uploads\/sites\/9\/2024\/09\/logo-portugal-ifevet-international.jpg","width":300,"height":300},{"@type":"BreadcrumbList","@id":"https:\/\/ifevet.com\/pt\/o-reconhecimento-solicita-informacoes\/#breadcrumb","itemListElement":[{"@type":"ListItem","position":1,"name":"Portada","item":"https:\/\/ifevet.com\/pt\/"},{"@type":"ListItem","position":2,"name":"O reconhecimento solicita informa\u00e7\u00f5es"}]},{"@type":"WebSite","@id":"https:\/\/ifevet.com\/pt\/#website","url":"https:\/\/ifevet.com\/pt\/","name":"Ifevet International - Portugal","description":"Instituto Internacional de Forma\u00e7\u00e3o Veterin\u00e1ria","potentialAction":[{"@type":"SearchAction","target":{"@type":"EntryPoint","urlTemplate":"https:\/\/ifevet.com\/pt\/?s={search_term_string}"},"query-input":{"@type":"PropertyValueSpecification","valueRequired":true,"valueName":"search_term_string"}}],"inLanguage":"es"}]}},"_links":{"self":[{"href":"https:\/\/ifevet.com\/pt\/wp-json\/wp\/v2\/pages\/40467","targetHints":{"allow":["GET"]}}],"collection":[{"href":"https:\/\/ifevet.com\/pt\/wp-json\/wp\/v2\/pages"}],"about":[{"href":"https:\/\/ifevet.com\/pt\/wp-json\/wp\/v2\/types\/page"}],"author":[{"embeddable":true,"href":"https:\/\/ifevet.com\/pt\/wp-json\/wp\/v2\/users\/1"}],"replies":[{"embeddable":true,"href":"https:\/\/ifevet.com\/pt\/wp-json\/wp\/v2\/comments?post=40467"}],"version-history":[{"count":6,"href":"https:\/\/ifevet.com\/pt\/wp-json\/wp\/v2\/pages\/40467\/revisions"}],"predecessor-version":[{"id":44504,"href":"https:\/\/ifevet.com\/pt\/wp-json\/wp\/v2\/pages\/40467\/revisions\/44504"}],"wp:featuredmedia":[{"embeddable":true,"href":"https:\/\/ifevet.com\/pt\/wp-json\/wp\/v2\/media\/44485"}],"wp:attachment":[{"href":"https:\/\/ifevet.com\/pt\/wp-json\/wp\/v2\/media?parent=40467"}],"curies":[{"name":"wp","href":"https:\/\/api.w.org\/{rel}","templated":true}]}}