{"id":59,"date":"2023-03-10T11:13:10","date_gmt":"2023-03-10T11:13:10","guid":{"rendered":"https:\/\/ifevet.com\/pt\/?page_id=59"},"modified":"2025-01-10T12:11:25","modified_gmt":"2025-01-10T12:11:25","slug":"professores","status":"publish","type":"page","link":"https:\/\/ifevet.com\/pt\/professores\/","title":{"rendered":"Professores"},"content":{"rendered":"","protected":false},"excerpt":{"rendered":"","protected":false},"author":1,"featured_media":44485,"parent":0,"menu_order":0,"comment_status":"closed","ping_status":"closed","template":"","meta":{"footnotes":""},"class_list":["post-59","page","type-page","status-publish","has-post-thumbnail","hentry"],"yoast_head":"<!-- This site is optimized with the Yoast SEO plugin v27.1.1 - https:\/\/yoast.com\/product\/yoast-seo-wordpress\/ -->\n<title>Ifevet International | Professores<\/title>\n<meta name=\"description\" content=\"Professores renomados. Avance na sua carreira profissional com os nossos docentes qualificados e de renome.\" \/>\n<meta name=\"robots\" content=\"index, follow, max-snippet:-1, max-image-preview:large, max-video-preview:-1\" \/>\n<link rel=\"canonical\" href=\"https:\/\/ifevet.com\/pt\/professores\/\" \/>\n<meta property=\"og:locale\" content=\"es_ES\" \/>\n<meta property=\"og:type\" content=\"article\" \/>\n<meta property=\"og:title\" content=\"Ifevet International | Professores\" \/>\n<meta property=\"og:description\" content=\"Professores renomados. Avance na sua carreira profissional com os nossos docentes qualificados e de renome.\" \/>\n<meta property=\"og:url\" content=\"https:\/\/ifevet.com\/pt\/professores\/\" \/>\n<meta property=\"og:site_name\" content=\"Ifevet International - Portugal\" \/>\n<meta property=\"article:modified_time\" content=\"2025-01-10T12:11:25+00:00\" \/>\n<meta property=\"og:image\" content=\"https:\/\/ifevet.com\/pt\/wp-content\/uploads\/sites\/9\/2024\/09\/logo-portugal-ifevet-international.jpg\" \/>\n\t<meta property=\"og:image:width\" content=\"300\" \/>\n\t<meta property=\"og:image:height\" content=\"300\" \/>\n\t<meta property=\"og:image:type\" content=\"image\/jpeg\" \/>\n<meta name=\"twitter:card\" content=\"summary_large_image\" \/>\n<meta name=\"twitter:label1\" content=\"Tiempo de lectura\" \/>\n\t<meta name=\"twitter:data1\" content=\"1 minuto\" \/>\n<script type=\"application\/ld+json\" class=\"yoast-schema-graph\">{\"@context\":\"https:\/\/schema.org\",\"@graph\":[{\"@type\":\"WebPage\",\"@id\":\"https:\/\/ifevet.com\/pt\/professores\/\",\"url\":\"https:\/\/ifevet.com\/pt\/professores\/\",\"name\":\"Ifevet International | Professores\",\"isPartOf\":{\"@id\":\"https:\/\/ifevet.com\/pt\/#website\"},\"primaryImageOfPage\":{\"@id\":\"https:\/\/ifevet.com\/pt\/professores\/#primaryimage\"},\"image\":{\"@id\":\"https:\/\/ifevet.com\/pt\/professores\/#primaryimage\"},\"thumbnailUrl\":\"https:\/\/ifevet.com\/pt\/wp-content\/uploads\/sites\/9\/2024\/09\/logo-portugal-ifevet-international.jpg\",\"datePublished\":\"2023-03-10T11:13:10+00:00\",\"dateModified\":\"2025-01-10T12:11:25+00:00\",\"description\":\"Professores renomados. Avance na sua carreira profissional com os nossos docentes qualificados e de renome.\",\"breadcrumb\":{\"@id\":\"https:\/\/ifevet.com\/pt\/professores\/#breadcrumb\"},\"inLanguage\":\"es\",\"potentialAction\":[{\"@type\":\"ReadAction\",\"target\":[\"https:\/\/ifevet.com\/pt\/professores\/\"]}]},{\"@type\":\"ImageObject\",\"inLanguage\":\"es\",\"@id\":\"https:\/\/ifevet.com\/pt\/professores\/#primaryimage\",\"url\":\"https:\/\/ifevet.com\/pt\/wp-content\/uploads\/sites\/9\/2024\/09\/logo-portugal-ifevet-international.jpg\",\"contentUrl\":\"https:\/\/ifevet.com\/pt\/wp-content\/uploads\/sites\/9\/2024\/09\/logo-portugal-ifevet-international.jpg\",\"width\":300,\"height\":300},{\"@type\":\"BreadcrumbList\",\"@id\":\"https:\/\/ifevet.com\/pt\/professores\/#breadcrumb\",\"itemListElement\":[{\"@type\":\"ListItem\",\"position\":1,\"name\":\"Portada\",\"item\":\"https:\/\/ifevet.com\/pt\/\"},{\"@type\":\"ListItem\",\"position\":2,\"name\":\"Professores\"}]},{\"@type\":\"WebSite\",\"@id\":\"https:\/\/ifevet.com\/pt\/#website\",\"url\":\"https:\/\/ifevet.com\/pt\/\",\"name\":\"Ifevet International - Portugal\",\"description\":\"Instituto Internacional de Forma\u00e7\u00e3o Veterin\u00e1ria\",\"potentialAction\":[{\"@type\":\"SearchAction\",\"target\":{\"@type\":\"EntryPoint\",\"urlTemplate\":\"https:\/\/ifevet.com\/pt\/?s={search_term_string}\"},\"query-input\":{\"@type\":\"PropertyValueSpecification\",\"valueRequired\":true,\"valueName\":\"search_term_string\"}}],\"inLanguage\":\"es\"}]}<\/script>\n<!-- \/ Yoast SEO plugin. -->","yoast_head_json":{"title":"Ifevet International | Professores","description":"Professores renomados. Avance na sua carreira profissional com os nossos docentes qualificados e de renome.","robots":{"index":"index","follow":"follow","max-snippet":"max-snippet:-1","max-image-preview":"max-image-preview:large","max-video-preview":"max-video-preview:-1"},"canonical":"https:\/\/ifevet.com\/pt\/professores\/","og_locale":"es_ES","og_type":"article","og_title":"Ifevet International | Professores","og_description":"Professores renomados. Avance na sua carreira profissional com os nossos docentes qualificados e de renome.","og_url":"https:\/\/ifevet.com\/pt\/professores\/","og_site_name":"Ifevet International - Portugal","article_modified_time":"2025-01-10T12:11:25+00:00","og_image":[{"width":300,"height":300,"url":"https:\/\/ifevet.com\/pt\/wp-content\/uploads\/sites\/9\/2024\/09\/logo-portugal-ifevet-international.jpg","type":"image\/jpeg"}],"twitter_card":"summary_large_image","twitter_misc":{"Tiempo de lectura":"1 minuto"},"schema":{"@context":"https:\/\/schema.org","@graph":[{"@type":"WebPage","@id":"https:\/\/ifevet.com\/pt\/professores\/","url":"https:\/\/ifevet.com\/pt\/professores\/","name":"Ifevet International | Professores","isPartOf":{"@id":"https:\/\/ifevet.com\/pt\/#website"},"primaryImageOfPage":{"@id":"https:\/\/ifevet.com\/pt\/professores\/#primaryimage"},"image":{"@id":"https:\/\/ifevet.com\/pt\/professores\/#primaryimage"},"thumbnailUrl":"https:\/\/ifevet.com\/pt\/wp-content\/uploads\/sites\/9\/2024\/09\/logo-portugal-ifevet-international.jpg","datePublished":"2023-03-10T11:13:10+00:00","dateModified":"2025-01-10T12:11:25+00:00","description":"Professores renomados. Avance na sua carreira profissional com os nossos docentes qualificados e de renome.","breadcrumb":{"@id":"https:\/\/ifevet.com\/pt\/professores\/#breadcrumb"},"inLanguage":"es","potentialAction":[{"@type":"ReadAction","target":["https:\/\/ifevet.com\/pt\/professores\/"]}]},{"@type":"ImageObject","inLanguage":"es","@id":"https:\/\/ifevet.com\/pt\/professores\/#primaryimage","url":"https:\/\/ifevet.com\/pt\/wp-content\/uploads\/sites\/9\/2024\/09\/logo-portugal-ifevet-international.jpg","contentUrl":"https:\/\/ifevet.com\/pt\/wp-content\/uploads\/sites\/9\/2024\/09\/logo-portugal-ifevet-international.jpg","width":300,"height":300},{"@type":"BreadcrumbList","@id":"https:\/\/ifevet.com\/pt\/professores\/#breadcrumb","itemListElement":[{"@type":"ListItem","position":1,"name":"Portada","item":"https:\/\/ifevet.com\/pt\/"},{"@type":"ListItem","position":2,"name":"Professores"}]},{"@type":"WebSite","@id":"https:\/\/ifevet.com\/pt\/#website","url":"https:\/\/ifevet.com\/pt\/","name":"Ifevet International - Portugal","description":"Instituto Internacional de Forma\u00e7\u00e3o Veterin\u00e1ria","potentialAction":[{"@type":"SearchAction","target":{"@type":"EntryPoint","urlTemplate":"https:\/\/ifevet.com\/pt\/?s={search_term_string}"},"query-input":{"@type":"PropertyValueSpecification","valueRequired":true,"valueName":"search_term_string"}}],"inLanguage":"es"}]}},"_links":{"self":[{"href":"https:\/\/ifevet.com\/pt\/wp-json\/wp\/v2\/pages\/59","targetHints":{"allow":["GET"]}}],"collection":[{"href":"https:\/\/ifevet.com\/pt\/wp-json\/wp\/v2\/pages"}],"about":[{"href":"https:\/\/ifevet.com\/pt\/wp-json\/wp\/v2\/types\/page"}],"author":[{"embeddable":true,"href":"https:\/\/ifevet.com\/pt\/wp-json\/wp\/v2\/users\/1"}],"replies":[{"embeddable":true,"href":"https:\/\/ifevet.com\/pt\/wp-json\/wp\/v2\/comments?post=59"}],"version-history":[{"count":1,"href":"https:\/\/ifevet.com\/pt\/wp-json\/wp\/v2\/pages\/59\/revisions"}],"predecessor-version":[{"id":60,"href":"https:\/\/ifevet.com\/pt\/wp-json\/wp\/v2\/pages\/59\/revisions\/60"}],"wp:featuredmedia":[{"embeddable":true,"href":"https:\/\/ifevet.com\/pt\/wp-json\/wp\/v2\/media\/44485"}],"wp:attachment":[{"href":"https:\/\/ifevet.com\/pt\/wp-json\/wp\/v2\/media?parent=59"}],"curies":[{"name":"wp","href":"https:\/\/api.w.org\/{rel}","templated":true}]}}